{"id":945,"date":"2018-01-05T07:53:00","date_gmt":"2018-01-05T06:53:00","guid":{"rendered":"https:\/\/cechzdunskawola.pl\/?page_id=945"},"modified":"2021-12-13T11:32:36","modified_gmt":"2021-12-13T10:32:36","slug":"zarzad-cechu","status":"publish","type":"page","link":"https:\/\/cechzdunskawola.pl\/?page_id=945","title":{"rendered":"ZARZ\u0104D CECHU"},"content":{"rendered":"<p>Kadencja na lata: 2021 &#8211; 2025<\/p>\n<p><span style=\"color: #ff0000;\"><strong>ZARZ\u0104D CECHU RZEMIOS\u0141 R\u00d3\u017bNYCH W ZDU\u0143SKIEJ WOLI:\u00a0<\/strong><\/span><\/p>\n<ul>\n<li><strong>STARSZY CECHU<\/strong> -P. Mieczys\u0142aw Pluskota<\/li>\n<li><strong>PODSTARSZY CECHU<\/strong> &#8211; P. J\u00f3zef Wrzesi\u0144ski<\/li>\n<li><strong>PODSTARSZY CECHU<\/strong> &#8211; P. Miros\u0142aw Jaworski<\/li>\n<li><strong>SEKRETARZ<\/strong> &#8211; P. Miros\u0142awa Pa\u0142aty\u0144ska<\/li>\n<li><strong>SKARBNIK<\/strong> &#8211; P. Sabina Rosi\u0144ska<\/li>\n<li><strong>CZ\u0141ONEK ZARZ\u0104DU<\/strong> &#8211; P. Pawe\u0142 Kulda<\/li>\n<li><strong>CZ\u0141ONEK ZARZ\u0104DU<\/strong> &#8211; P. Mieczys\u0142aw Olejnik<\/li>\n<\/ul>\n<p><span style=\"color: #ff0000;\"><strong>DELEGACI IZBY:<\/strong> <\/span><\/p>\n<ul>\n<li>P. Mieczys\u0142aw Pluskota<\/li>\n<li>P. J\u00f3zef Wrzesi\u0144ski<\/li>\n<li>P. Miros\u0142aw Jaworski<\/li>\n<\/ul>\n<p><span style=\"color: #ff0000;\"><strong>KOMISJA REWIZYJNA:<\/strong><\/span><\/p>\n<ul>\n<li><strong>PRZEWODNICZ\u0104CY<\/strong> &#8211; P. Grzegorz Sapiejka<\/li>\n<li><strong>Z-CA PRZEWODNICZ\u0104CEGO<\/strong> &#8211; P. Agnieszka Kucharska<\/li>\n<li><strong>SEKRETARZ<\/strong> &#8211; P. Miros\u0142aw Ko\u017cusznik<\/li>\n<\/ul>\n<p><span style=\"color: #ff0000;\"><strong>S\u0104D CECHOWY:<\/strong><\/span><\/p>\n<ul>\n<li><strong>PRZEWODNICZ\u0104CY<\/strong> &#8211; P. Robert Heblewski<\/li>\n<li><strong>Z-CA PRZEWODNICZ\u0104CEGO<\/strong> &#8211; P. Tomasz Grenda<\/li>\n<li><strong>CZ\u0141ONEK S\u0104DU<\/strong> &#8211; P. Pawe\u0142 \u0141adziak<\/li>\n<\/ul>\n","protected":false},"excerpt":{"rendered":"<p>Kadencja na lata: 2021 &#8211; 2025 ZARZ\u0104D CECHU RZEMIOS\u0141 R\u00d3\u017bNYCH W ZDU\u0143SKIEJ WOLI:\u00a0 STARSZY CECHU -P. Mieczys\u0142aw Pluskota PODSTARSZY CECHU &#8211; P. J\u00f3zef Wrzesi\u0144ski PODSTARSZY CECHU &#8211; P. Miros\u0142aw Jaworski SEKRETARZ &#8211; P. Miros\u0142awa Pa\u0142aty\u0144ska SKARBNIK &#8211; P. Sabina Rosi\u0144ska CZ\u0141ONEK ZARZ\u0104DU &#8211; P. Pawe\u0142 Kulda CZ\u0141ONEK ZARZ\u0104DU &#8211; P. Mieczys\u0142aw Olejnik DELEGACI IZBY: P. [&hellip;]<\/p>\n","protected":false},"author":1,"featured_media":0,"parent":0,"menu_order":3,"comment_status":"closed","ping_status":"closed","template":"","meta":{"pgc_sgb_lightbox_settings":"","footnotes":""},"_links":{"self":[{"href":"https:\/\/cechzdunskawola.pl\/index.php?rest_route=\/wp\/v2\/pages\/945"}],"collection":[{"href":"https:\/\/cechzdunskawola.pl\/index.php?rest_route=\/wp\/v2\/pages"}],"about":[{"href":"https:\/\/cechzdunskawola.pl\/index.php?rest_route=\/wp\/v2\/types\/page"}],"author":[{"embeddable":true,"href":"https:\/\/cechzdunskawola.pl\/index.php?rest_route=\/wp\/v2\/users\/1"}],"replies":[{"embeddable":true,"href":"https:\/\/cechzdunskawola.pl\/index.php?rest_route=%2Fwp%2Fv2%2Fcomments&post=945"}],"version-history":[{"count":4,"href":"https:\/\/cechzdunskawola.pl\/index.php?rest_route=\/wp\/v2\/pages\/945\/revisions"}],"predecessor-version":[{"id":1385,"href":"https:\/\/cechzdunskawola.pl\/index.php?rest_route=\/wp\/v2\/pages\/945\/revisions\/1385"}],"wp:attachment":[{"href":"https:\/\/cechzdunskawola.pl\/index.php?rest_route=%2Fwp%2Fv2%2Fmedia&parent=945"}],"curies":[{"name":"wp","href":"https:\/\/api.w.org\/{rel}","templated":true}]}}