{"id":591,"date":"2014-11-03T10:04:22","date_gmt":"2014-11-03T09:04:22","guid":{"rendered":"https:\/\/cechzdunskawola.pl\/?page_id=591"},"modified":"2022-03-25T11:53:23","modified_gmt":"2022-03-25T10:53:23","slug":"stolarz","status":"publish","type":"page","link":"https:\/\/cechzdunskawola.pl\/?page_id=591","title":{"rendered":"Stolarz"},"content":{"rendered":"<div id=\"main\">\n<div id=\"content\">\n<div id=\"post-159\" class=\"post-159 page type-page status-publish hentry post page clearfix\">\n<div class=\"entry clearfix\">\n<address>\n<address><strong>\u00a0Zak\u0142ad stolarski &#8222;ANPA&#8221;<\/strong><\/address>\n<address><strong>Grzegorz Endler<br \/>\n<\/strong><\/address>\n<address>ul. Opiesi\u0144ska 30 A<\/address>\n<address>98-220 Zdu\u0144ska Wola<\/address>\n<address>tel. 607-969-626\u00a0<\/address>\n<address>\u00a0<\/address>\n<\/address>\n<address><strong>\u00a0P.P.H.U.\u00a0 \u201eMEBEKO\u201d<\/strong><\/address>\n<address><strong>Roman K\u0142ysi\u0144ski<br \/>\n<\/strong><\/address>\n<address>ul. Opiesi\u0144ska 30 H<\/address>\n<address>98-220 Zdu\u0144ska Wola<\/address>\n<address>tel. 603-751-653<\/address>\n<address>\u00a0<\/address>\n<\/div>\n<\/div>\n<\/div>\n<\/div>\n<div>\n<address><strong>&#8222;PRODOM&#8221; P.H.U.P.\u00a0\u00a0<\/strong><\/address>\n<address><strong>Jacek Szewczyk<br \/>\n<\/strong><\/address>\n<address>ul. Opiesi\u0144ska 30 F<\/address>\n<address>98-220 Zdu\u0144ska Wola<\/address>\n<address>tel. 697-033-402<\/address>\n<\/div>\n","protected":false},"excerpt":{"rendered":"<p>\u00a0Zak\u0142ad stolarski &#8222;ANPA&#8221; Grzegorz Endler ul. Opiesi\u0144ska 30 A 98-220 Zdu\u0144ska Wola tel. 607-969-626\u00a0 \u00a0 \u00a0P.P.H.U.\u00a0 \u201eMEBEKO\u201d Roman K\u0142ysi\u0144ski ul. Opiesi\u0144ska 30 H 98-220 Zdu\u0144ska Wola tel. 603-751-653 \u00a0 &#8222;PRODOM&#8221; P.H.U.P.\u00a0\u00a0 Jacek Szewczyk ul. Opiesi\u0144ska 30 F 98-220 Zdu\u0144ska Wola tel. 697-033-402<\/p>\n","protected":false},"author":1,"featured_media":0,"parent":2,"menu_order":4,"comment_status":"closed","ping_status":"closed","template":"","meta":{"pgc_sgb_lightbox_settings":"","footnotes":""},"_links":{"self":[{"href":"https:\/\/cechzdunskawola.pl\/index.php?rest_route=\/wp\/v2\/pages\/591"}],"collection":[{"href":"https:\/\/cechzdunskawola.pl\/index.php?rest_route=\/wp\/v2\/pages"}],"about":[{"href":"https:\/\/cechzdunskawola.pl\/index.php?rest_route=\/wp\/v2\/types\/page"}],"author":[{"embeddable":true,"href":"https:\/\/cechzdunskawola.pl\/index.php?rest_route=\/wp\/v2\/users\/1"}],"replies":[{"embeddable":true,"href":"https:\/\/cechzdunskawola.pl\/index.php?rest_route=%2Fwp%2Fv2%2Fcomments&post=591"}],"version-history":[{"count":9,"href":"https:\/\/cechzdunskawola.pl\/index.php?rest_route=\/wp\/v2\/pages\/591\/revisions"}],"predecessor-version":[{"id":1401,"href":"https:\/\/cechzdunskawola.pl\/index.php?rest_route=\/wp\/v2\/pages\/591\/revisions\/1401"}],"up":[{"embeddable":true,"href":"https:\/\/cechzdunskawola.pl\/index.php?rest_route=\/wp\/v2\/pages\/2"}],"wp:attachment":[{"href":"https:\/\/cechzdunskawola.pl\/index.php?rest_route=%2Fwp%2Fv2%2Fmedia&parent=591"}],"curies":[{"name":"wp","href":"https:\/\/api.w.org\/{rel}","templated":true}]}}