{"id":51,"date":"2012-12-27T22:43:32","date_gmt":"2012-12-27T21:43:32","guid":{"rendered":"https:\/\/cechzdunskawola.pl\/?page_id=51"},"modified":"2020-06-15T09:29:50","modified_gmt":"2020-06-15T07:29:50","slug":"kontakt","status":"publish","type":"page","link":"https:\/\/cechzdunskawola.pl\/?page_id=51","title":{"rendered":"KONTAKT"},"content":{"rendered":"<p><strong>Cech Rzemios\u0142 R\u00f3\u017cnych w Zdu\u0144skiej Woli<\/strong><\/p>\n<p><strong> ul. Z\u0142otnickiego 21, 98-220 Zdu\u0144ska Wola<\/strong><\/p>\n<p>tel.\/fax (43) 823-33-92 e-mail: <a href=\"mailto:cech.zdw@wp.pl\">cech.zdw@wp.pl<\/a><\/p>\n<p>Biuro czynne od poniedzia\u0142ku do pi\u0105tku w godzinach od<strong> 8.00 do 15.00<\/strong><\/p>\n<p>&nbsp;<\/p>\n<p><strong>Kierownik Biura &#8211; mgr Bogumi\u0142a Mocna<\/strong><\/p>\n<p><a href=\"https:\/\/cechzdunskawola.pl\/wp-content\/uploads\/2012\/12\/Boguuusia.png\"><img loading=\"lazy\" decoding=\"async\" class=\"aligncenter size-full wp-image-936\" src=\"https:\/\/cechzdunskawola.pl\/wp-content\/uploads\/2012\/12\/Boguuusia.png\" alt=\"Boguuusia\" width=\"156\" height=\"232\"><\/a><\/p>\n<p>&nbsp;<\/p>\n<p>&nbsp;<\/p>\n<p><a href=\"https:\/\/cechzdunskawola.pl\/wp-content\/uploads\/2012\/12\/CONTACT5.png\"><img loading=\"lazy\" decoding=\"async\" class=\"alignleft size-full wp-image-181\" title=\"CONTACT\" src=\"https:\/\/cechzdunskawola.pl\/wp-content\/uploads\/2012\/12\/CONTACT5.png\" alt=\"\" width=\"454\" height=\"269\" srcset=\"https:\/\/cechzdunskawola.pl\/wp-content\/uploads\/2012\/12\/CONTACT5.png 454w, https:\/\/cechzdunskawola.pl\/wp-content\/uploads\/2012\/12\/CONTACT5-300x177.png 300w\" sizes=\"(max-width: 454px) 100vw, 454px\" \/><\/a><\/p>\n<p>&nbsp;<\/p>\n","protected":false},"excerpt":{"rendered":"<p>Cech Rzemios\u0142 R\u00f3\u017cnych w Zdu\u0144skiej Woli ul. Z\u0142otnickiego 21, 98-220 Zdu\u0144ska Wola tel.\/fax (43) 823-33-92 e-mail: cech.zdw@wp.pl Biuro czynne od poniedzia\u0142ku do pi\u0105tku w godzinach od 8.00 do 15.00 &nbsp; Kierownik Biura &#8211; mgr Bogumi\u0142a Mocna &nbsp; &nbsp; &nbsp;<\/p>\n","protected":false},"author":1,"featured_media":0,"parent":0,"menu_order":10,"comment_status":"closed","ping_status":"closed","template":"","meta":{"pgc_sgb_lightbox_settings":"","footnotes":""},"_links":{"self":[{"href":"https:\/\/cechzdunskawola.pl\/index.php?rest_route=\/wp\/v2\/pages\/51"}],"collection":[{"href":"https:\/\/cechzdunskawola.pl\/index.php?rest_route=\/wp\/v2\/pages"}],"about":[{"href":"https:\/\/cechzdunskawola.pl\/index.php?rest_route=\/wp\/v2\/types\/page"}],"author":[{"embeddable":true,"href":"https:\/\/cechzdunskawola.pl\/index.php?rest_route=\/wp\/v2\/users\/1"}],"replies":[{"embeddable":true,"href":"https:\/\/cechzdunskawola.pl\/index.php?rest_route=%2Fwp%2Fv2%2Fcomments&post=51"}],"version-history":[{"count":17,"href":"https:\/\/cechzdunskawola.pl\/index.php?rest_route=\/wp\/v2\/pages\/51\/revisions"}],"predecessor-version":[{"id":1314,"href":"https:\/\/cechzdunskawola.pl\/index.php?rest_route=\/wp\/v2\/pages\/51\/revisions\/1314"}],"wp:attachment":[{"href":"https:\/\/cechzdunskawola.pl\/index.php?rest_route=%2Fwp%2Fv2%2Fmedia&parent=51"}],"curies":[{"name":"wp","href":"https:\/\/api.w.org\/{rel}","templated":true}]}}