{"id":47,"date":"2012-12-27T19:51:19","date_gmt":"2012-12-27T18:51:19","guid":{"rendered":"https:\/\/cechzdunskawola.pl\/?page_id=47"},"modified":"2022-08-01T09:38:35","modified_gmt":"2022-08-01T07:38:35","slug":"poradnik","status":"publish","type":"page","link":"https:\/\/cechzdunskawola.pl\/?page_id=47","title":{"rendered":"PORADNIK"},"content":{"rendered":"<h4><span style=\"color: #008000;\">Niedb\u0119dnik pracodawcy &#8211; aktualno\u015bci<\/span><\/h4>\n<p><a href=\"http:\/\/www.bankier.pl\/podatki-i-zus\/wskazniki-i-stawki\/skladki-i-zasilki-zus\" target=\"_blank\" rel=\"noopener noreferrer\">http:\/\/www.bankier.pl\/podatki-i-zus\/wskazniki-i-stawki\/skladki-i-zasilki-zus<\/a><\/p>\n<h4><span style=\"color: #008000;\">Poradnik pracodawcy (PIP)<\/span><\/h4>\n<p><a href=\"https:\/\/www.pip.gov.pl\/pl\/kodeks-pracy\/2651,kodeks-pracy.html\" target=\"_blank\" rel=\"noopener noreferrer\">https:\/\/www.pip.gov.pl\/pl\/kodeks-pracy\/2651,kodeks-pracy.html<\/a><\/p>\n<p><a href=\"https:\/\/www.pip.gov.pl\/pl\/f\/v\/147566\/kodeks%20pracy%202014.pdf#page=19\" target=\"_blank\" rel=\"noopener noreferrer\">\u2666 Przepisy og\u00f3lne<\/a><\/p>\n<p><a href=\"https:\/\/www.pip.gov.pl\/pl\/f\/v\/147566\/kodeks%20pracy%202014.pdf#page=24\" target=\"_blank\" rel=\"noopener noreferrer\">\u2666 Stosunek pracy<\/a><\/p>\n<p><a href=\"https:\/\/www.pip.gov.pl\/pl\/f\/v\/147566\/kodeks%20pracy%202014.pdf#page=39\" target=\"_blank\" rel=\"noopener noreferrer\">\u2666 Wynagrodzenie za prac\u0119 i inne \u015bwiadczenia<\/a><\/p>\n<p><a href=\"https:\/\/www.pip.gov.pl\/pl\/f\/v\/147566\/kodeks%20pracy%202014.pdf#page=44\" target=\"_blank\" rel=\"noopener noreferrer\">\u2666 Obowi\u0105zki pracodawcy i pracownika<\/a><\/p>\n<p><a href=\"https:\/\/www.pip.gov.pl\/pl\/f\/v\/147566\/kodeks%20pracy%202014.pdf#page=51\" target=\"_blank\" rel=\"noopener noreferrer\">\u2666 Odpowiedzialno\u015b\u0107 materialna pracownik\u00f3w<\/a><\/p>\n<p><a href=\"https:\/\/www.pip.gov.pl\/pl\/f\/v\/147566\/kodeks%20pracy%202014.pdf#page=52\" target=\"_blank\" rel=\"noopener noreferrer\">\u2666 Czas pracy<\/a><\/p>\n<p><a href=\"https:\/\/www.pip.gov.pl\/pl\/f\/v\/147566\/kodeks%20pracy%202014.pdfpdf#page=60\" target=\"_blank\" rel=\"noopener noreferrer\">\u2666 Urlopy pracownicze<\/a><\/p>\n<p><a href=\"https:\/\/www.pip.gov.pl\/pl\/f\/v\/147566\/kodeks%20pracy%202014.pdf#page=65\" target=\"_blank\" rel=\"noopener noreferrer\">\u2666 Uprawnienia pracownik\u00f3w zwi\u0105zane z rodzicielstwem<\/a><\/p>\n<p><a href=\"https:\/\/www.pip.gov.pl\/pl\/f\/v\/147566\/kodeks%20pracy%202014.pdf#page=72\" target=\"_blank\" rel=\"noopener noreferrer\">\u2666 Zatrudnianie m\u0142odocianych\u00a0<\/a><\/p>\n<p><a href=\"https:\/\/www.pip.gov.pl\/pl\/f\/v\/147566\/kodeks%20pracy%202014.pdf#page=76\" target=\"_blank\" rel=\"noopener noreferrer\">\u2666 Bezpiecze\u0144stwo i higiena pracy<\/a><\/p>\n<p><a href=\"https:\/\/www.pip.gov.pl\/pl\/f\/v\/147566\/kodeks%20pracy%202014.pdf#page=90\" target=\"_blank\" rel=\"noopener noreferrer\">\u2666 Uk\u0142ady zbiorowe pracy<\/a><\/p>\n<p><a href=\"https:\/\/www.pip.gov.pl\/pl\/f\/v\/147566\/kodeks%20pracy%202014.pdf#page=98\" target=\"_blank\" rel=\"noopener noreferrer\">\u2666 Rozpatrywanie spor\u00f3w o roszczenia ze stosunku pracy<\/a><\/p>\n<p><a href=\"https:\/\/www.pip.gov.pl\/pl\/f\/v\/147566\/kodeks%20pracy%202014.pdf#page=100\" target=\"_blank\" rel=\"noopener noreferrer\">\u2666 Odpowiedzialno\u015b\u0107 za wykroczenia przeciwko prawom pracownika<\/a><\/p>\n<p><a href=\"https:\/\/www.pip.gov.pl\/pl\/f\/v\/147566\/kodeks%20pracy%202014.pdf#page=102\" target=\"_blank\" rel=\"noopener noreferrer\">\u2666 Przedawnienie roszcze\u0144<\/a><\/p>\n<p><a href=\"https:\/\/www.pip.gov.pl\/pl\/f\/v\/147566\/kodeks%20pracy%202014.pdf#page=103\" target=\"_blank\" rel=\"noopener noreferrer\">\u2666 Przepisy ko\u0144cowe<\/a><\/p>\n<p><span style=\"color: #669900; font-family: Verdana,Arial,Helvetica,sans-serif;\"><strong>Wa\u017cne Strony <\/strong><\/span><\/p>\n<p><span style=\"color: #000000; font-family: Verdana,Arial,Helvetica,sans-serif; font-size: small;\">\u2666\u00a0Izba Rzemie\u015blnicza w \u0141odzi &#8211; <a href=\"http:\/\/www.izbarzem.eu\" target=\"_blank\" rel=\"noopener noreferrer\">www.izbarzem.eu<\/a><br \/>\n\u2666\u00a0Zwi\u0105zek Rzemios\u0142 Polskiego &#8211;<a href=\"http:\/\/www.zrp.pl\" target=\"_blank\" rel=\"noopener noreferrer\"> www.zrp.pl<\/a><br \/>\n\u2666\u00a0Ochotnicze Hufce Pracy &#8211; <a href=\"http:\/\/www.ohp.pl\" target=\"_blank\" rel=\"noopener noreferrer\">www.ohp.pl<\/a><br \/>\n\u2666\u00a0PIP &#8211; <a href=\"http:\/\/www.pip.gov.plwww.pip.gov.pl\" target=\"_blank\" rel=\"noopener noreferrer\">www.pip.gov.pl<\/a><br \/>\n\u2666\u00a0ZUS &#8211; <a href=\"http:\/\/www.zus.pl\" target=\"_blank\" rel=\"noopener noreferrer\">www.zus.pl<\/a><br \/>\n\u2666\u00a0Urz\u0105d Skarbowy w Zdu\u0144skiej Woli &#8211;\u00a0<a href=\"http:\/\/www.lodz.apodatkowa.gov.pl\/urzad-skarbowy-w-zdunskiej-woli\" target=\"_blank\" rel=\"noopener noreferrer\">http:\/\/www.lodz.apodatkowa.gov.pl\/urzad-skarbowy-w-zdunskiej-woli<\/a><br \/>\n\u2666\u00a0Urz\u0105d Miasta Zdu\u0144ska Wola &#8211;<a href=\"http:\/\/www.zdunskawola.pl\" target=\"_blank\" rel=\"noopener noreferrer\">www.zdunskawola.pl<\/a><\/span><br \/>\n\u2666\u00a0Starostwo Powiatowe w Zdu\u0144skiej Woli &#8211; <a href=\"http:\/\/www.powiatzdunskowolski.pl\" target=\"_blank\" rel=\"noopener noreferrer\">www.powiatzdunskowolski.pl<\/a><br \/>\n\u2666\u00a0Urz\u0105d Gminy Zdu\u0144ska Wola &#8211; <a href=\"http:\/\/www.ugzw.com.pl\" target=\"_blank\" rel=\"noopener noreferrer\">www.gminazdunskawola.pl<\/a><br \/>\n\u2666\u00a0Polska Fundacja Przedsi\u0119biorczo\u015bci &#8211; <a href=\"http:\/\/www.pfp.com.pl\" target=\"_blank\" rel=\"noopener noreferrer\">www.pfp.com.pl<\/a><br \/>\n\u2666\u00a0Pa\u0144stwowa Agencja Rozwoju Przedsi\u0119biorczo\u015bci &#8211; <a href=\"http:\/\/www.parp.gov.pl\" target=\"_blank\" rel=\"noopener noreferrer\">www.parp.gov.pl<\/a><br \/>\n\u2666\u00a0Fundusz Mikro &#8211; <a href=\"http:\/\/www.funduszmikro.com.pl\" target=\"_blank\" rel=\"noopener noreferrer\">www.funduszmikro.com.pl<\/a><\/p>\n","protected":false},"excerpt":{"rendered":"<p>Niedb\u0119dnik pracodawcy &#8211; aktualno\u015bci http:\/\/www.bankier.pl\/podatki-i-zus\/wskazniki-i-stawki\/skladki-i-zasilki-zus Poradnik pracodawcy (PIP) https:\/\/www.pip.gov.pl\/pl\/kodeks-pracy\/2651,kodeks-pracy.html \u2666 Przepisy og\u00f3lne \u2666 Stosunek pracy \u2666 Wynagrodzenie za prac\u0119 i inne \u015bwiadczenia \u2666 Obowi\u0105zki pracodawcy i pracownika \u2666 Odpowiedzialno\u015b\u0107 materialna pracownik\u00f3w \u2666 Czas pracy \u2666 Urlopy pracownicze \u2666 Uprawnienia pracownik\u00f3w zwi\u0105zane z rodzicielstwem \u2666 Zatrudnianie m\u0142odocianych\u00a0 \u2666 Bezpiecze\u0144stwo i higiena pracy \u2666 Uk\u0142ady zbiorowe pracy [&hellip;]<\/p>\n","protected":false},"author":1,"featured_media":0,"parent":0,"menu_order":8,"comment_status":"closed","ping_status":"closed","template":"","meta":{"pgc_sgb_lightbox_settings":"","footnotes":""},"_links":{"self":[{"href":"https:\/\/cechzdunskawola.pl\/index.php?rest_route=\/wp\/v2\/pages\/47"}],"collection":[{"href":"https:\/\/cechzdunskawola.pl\/index.php?rest_route=\/wp\/v2\/pages"}],"about":[{"href":"https:\/\/cechzdunskawola.pl\/index.php?rest_route=\/wp\/v2\/types\/page"}],"author":[{"embeddable":true,"href":"https:\/\/cechzdunskawola.pl\/index.php?rest_route=\/wp\/v2\/users\/1"}],"replies":[{"embeddable":true,"href":"https:\/\/cechzdunskawola.pl\/index.php?rest_route=%2Fwp%2Fv2%2Fcomments&post=47"}],"version-history":[{"count":22,"href":"https:\/\/cechzdunskawola.pl\/index.php?rest_route=\/wp\/v2\/pages\/47\/revisions"}],"predecessor-version":[{"id":1418,"href":"https:\/\/cechzdunskawola.pl\/index.php?rest_route=\/wp\/v2\/pages\/47\/revisions\/1418"}],"wp:attachment":[{"href":"https:\/\/cechzdunskawola.pl\/index.php?rest_route=%2Fwp%2Fv2%2Fmedia&parent=47"}],"curies":[{"name":"wp","href":"https:\/\/api.w.org\/{rel}","templated":true}]}}