{"id":391,"date":"2020-05-06T09:17:00","date_gmt":"2020-05-06T07:17:00","guid":{"rendered":"https:\/\/cechzdunskawola.pl\/?page_id=391"},"modified":"2025-12-22T10:41:14","modified_gmt":"2025-12-22T09:41:14","slug":"aktualnosci","status":"publish","type":"page","link":"https:\/\/cechzdunskawola.pl\/?page_id=391","title":{"rendered":"AKTUALNO\u015a\u0106I"},"content":{"rendered":"<ul>\n<li><a href=\"http:\/\/cechzdunskawola.pl\/wp-content\/uploads\/2025\/12\/Boze-Narodzenie-2025-r.jpg\"><img loading=\"lazy\" decoding=\"async\" class=\"aligncenter size-medium wp-image-2719\" src=\"http:\/\/cechzdunskawola.pl\/wp-content\/uploads\/2025\/12\/Boze-Narodzenie-2025-r-300x198.jpg\" alt=\"\" width=\"300\" height=\"198\" srcset=\"https:\/\/cechzdunskawola.pl\/wp-content\/uploads\/2025\/12\/Boze-Narodzenie-2025-r-300x198.jpg 300w, https:\/\/cechzdunskawola.pl\/wp-content\/uploads\/2025\/12\/Boze-Narodzenie-2025-r-768x507.jpg 768w, https:\/\/cechzdunskawola.pl\/wp-content\/uploads\/2025\/12\/Boze-Narodzenie-2025-r.jpg 1024w\" sizes=\"(max-width: 300px) 100vw, 300px\" \/><\/a><a href=\"http:\/\/cechzdunskawola.pl\/wp-content\/uploads\/2025\/10\/Srody-z-KSeF_Informacja-o-spotkaniach-X_page-0001.jpg\"><img loading=\"lazy\" decoding=\"async\" class=\"aligncenter size-medium wp-image-2696\" src=\"http:\/\/cechzdunskawola.pl\/wp-content\/uploads\/2025\/10\/Srody-z-KSeF_Informacja-o-spotkaniach-X_page-0001-300x225.jpg\" alt=\"\" width=\"300\" height=\"225\" srcset=\"https:\/\/cechzdunskawola.pl\/wp-content\/uploads\/2025\/10\/Srody-z-KSeF_Informacja-o-spotkaniach-X_page-0001-300x225.jpg 300w, https:\/\/cechzdunskawola.pl\/wp-content\/uploads\/2025\/10\/Srody-z-KSeF_Informacja-o-spotkaniach-X_page-0001-1024x768.jpg 1024w, https:\/\/cechzdunskawola.pl\/wp-content\/uploads\/2025\/10\/Srody-z-KSeF_Informacja-o-spotkaniach-X_page-0001-768x576.jpg 768w, https:\/\/cechzdunskawola.pl\/wp-content\/uploads\/2025\/10\/Srody-z-KSeF_Informacja-o-spotkaniach-X_page-0001.jpg 1500w\" sizes=\"(max-width: 300px) 100vw, 300px\" \/><\/a><\/li>\n<li><\/li>\n<li><strong><span style=\"color: #ff0000;\">Od 1 stycznia 2023 r. ka\u017cdy p\u0142atnik sk\u0142adek ma ustawowy obowi\u0105zek posiadania profilu na Platformie Us\u0142ug Elektronicznych (PUE) ZUS. Do tej pory obowi\u0105zek posiadania profilu na PUE ZUS mieli p\u0142atnicy rozliczaj\u0105cy sk\u0142adki za wi\u0119cej ni\u017c 5 os\u00f3b. Po zmianach obowi\u0105zek ten dotyczy wszystkich przedsi\u0119biorc\u00f3w \u2013 tak\u017ce w\u0142a\u015bcicieli ma\u0142ych firm, czyli zatrudniaj\u0105cych do 5 pracownik\u00f3w oraz tych, kt\u00f3rzy p\u0142ac\u0105 sk\u0142adki tylko za siebie.<\/span><\/strong><\/li>\n<\/ul>\n<ul>\n<li><span style=\"color: #ff0000;\">Szczeg\u00f3\u0142owe informacje dost\u0119pne s\u0105 na stronie <a style=\"color: #ff0000;\" href=\"https:\/\/www.zus.pl\/-\/do-30-grudnia-2022-r.-ka%C5%BCdy-p%C5%82atnik-sk%C5%82adek-powinien-za%C5%82o%C5%BCy%C4%87-profil-na-pue-zus-1?redirect=%2F\"> http:\/\/www.zus.pl<\/a>\u00a0 \u00a0 \u00a0 \u00a0 \u00a0 \u00a0 \u00a0 \u00a0 \u00a0 \u00a0 \u00a0 \u00a0w Aktualno\u015bciach z 13.10.2022r.\u00a0<\/span><\/li>\n<\/ul>\n<ul>\n<li>\n<h2>\u00a0 \u00a0 \u00a0 \u00a0 \u00a0 \u00a0 \u00a0 \u00a0 \u00a0<a href=\"https:\/\/cechzdunskawola.pl\/wp-content\/uploads\/2022\/11\/ZUS-PUE.jpg\"><img loading=\"lazy\" decoding=\"async\" class=\"alignnone size-medium wp-image-1425\" src=\"https:\/\/cechzdunskawola.pl\/wp-content\/uploads\/2022\/11\/ZUS-PUE-214x300.jpg\" alt=\"\" width=\"214\" height=\"300\" srcset=\"https:\/\/cechzdunskawola.pl\/wp-content\/uploads\/2022\/11\/ZUS-PUE-214x300.jpg 214w, https:\/\/cechzdunskawola.pl\/wp-content\/uploads\/2022\/11\/ZUS-PUE-731x1024.jpg 731w, https:\/\/cechzdunskawola.pl\/wp-content\/uploads\/2022\/11\/ZUS-PUE-768x1076.jpg 768w, https:\/\/cechzdunskawola.pl\/wp-content\/uploads\/2022\/11\/ZUS-PUE.jpg 1066w\" sizes=\"(max-width: 214px) 100vw, 214px\" \/><\/a><\/h2>\n<\/li>\n<\/ul>\n<ul>\n<li>\n<h3><span style=\"color: #ff0000;\"><a href=\"https:\/\/cechzdunskawola.pl\/wp-content\/uploads\/2021\/03\/eUS_4_3_ekran_1.jpg\"><img loading=\"lazy\" decoding=\"async\" class=\"aligncenter size-medium wp-image-1374\" src=\"https:\/\/cechzdunskawola.pl\/wp-content\/uploads\/2021\/03\/eUS_4_3_ekran_1-300x225.jpg\" alt=\"\" width=\"300\" height=\"225\" srcset=\"https:\/\/cechzdunskawola.pl\/wp-content\/uploads\/2021\/03\/eUS_4_3_ekran_1-300x225.jpg 300w, https:\/\/cechzdunskawola.pl\/wp-content\/uploads\/2021\/03\/eUS_4_3_ekran_1-1024x768.jpg 1024w, https:\/\/cechzdunskawola.pl\/wp-content\/uploads\/2021\/03\/eUS_4_3_ekran_1-768x576.jpg 768w, https:\/\/cechzdunskawola.pl\/wp-content\/uploads\/2021\/03\/eUS_4_3_ekran_1-1536x1152.jpg 1536w, https:\/\/cechzdunskawola.pl\/wp-content\/uploads\/2021\/03\/eUS_4_3_ekran_1.jpg 1600w\" sizes=\"(max-width: 300px) 100vw, 300px\" \/><\/a> <\/span><\/h3>\n<\/li>\n<li>\n<h3><span style=\"color: #ff0000;\"><a href=\"https:\/\/cechzdunskawola.pl\/wp-content\/uploads\/2021\/03\/eUS_4_3_ekran_2.jpg\"><img loading=\"lazy\" decoding=\"async\" class=\"aligncenter size-medium wp-image-1375\" src=\"https:\/\/cechzdunskawola.pl\/wp-content\/uploads\/2021\/03\/eUS_4_3_ekran_2-300x225.jpg\" alt=\"\" width=\"300\" height=\"225\" srcset=\"https:\/\/cechzdunskawola.pl\/wp-content\/uploads\/2021\/03\/eUS_4_3_ekran_2-300x225.jpg 300w, https:\/\/cechzdunskawola.pl\/wp-content\/uploads\/2021\/03\/eUS_4_3_ekran_2-1024x768.jpg 1024w, https:\/\/cechzdunskawola.pl\/wp-content\/uploads\/2021\/03\/eUS_4_3_ekran_2-768x576.jpg 768w, https:\/\/cechzdunskawola.pl\/wp-content\/uploads\/2021\/03\/eUS_4_3_ekran_2-1536x1152.jpg 1536w, https:\/\/cechzdunskawola.pl\/wp-content\/uploads\/2021\/03\/eUS_4_3_ekran_2.jpg 1600w\" sizes=\"(max-width: 300px) 100vw, 300px\" \/><\/a>DO WYNAJ\u0118CIA<\/span><\/h3>\n<div dir=\"auto\"><span style=\"color: #ff0000;\">ATRAKCYJNE LOKALE U\u017bYTKOWE OD 50 m2 DO 380 m2, W CENTRUM MIASTA, W POBLI\u017bU URZ\u0118DU MIASTA I STAROSTWA POWIATOWEGO.<\/span><\/div>\n<div dir=\"auto\"><span style=\"color: #ff0000;\">LOKALE ZNAJDUJ\u0104 SI\u0118 NA PARTERZE, WEJ\u015aCIE OD UL. Z\u0141OTNICKIEGO ORAZ Z PASA\u017bU POWSTA\u0143C\u00d3W \u015aL\u0104SKICH.<\/span><\/div>\n<div dir=\"auto\"><img decoding=\"async\" src=\"https:\/\/scontent-ams4-1.xx.fbcdn.net\/v\/t1.0-9\/107764298_2728090994073831_7651923261546635830_n.jpg?_nc_cat=100&amp;_nc_sid=8bfeb9&amp;_nc_oc=AQkQKbBaC_URXfFEVkcUqPk0k5cVRalB99pDjQ-gXPlI7d37YxtT-S5clCQNW6VDLfA&amp;_nc_ht=scontent-ams4-1.xx&amp;oh=408b897383df390359a1933a5bd056aa&amp;oe=5F31D9A8\" \/><\/div>\n<\/li>\n<li>\n<div dir=\"auto\"><\/div>\n<div dir=\"auto\"><img decoding=\"async\" src=\"https:\/\/scontent-ams4-1.xx.fbcdn.net\/v\/t1.0-9\/108057597_2728091047407159_5752090695991561819_n.jpg?_nc_cat=104&amp;_nc_sid=8bfeb9&amp;_nc_oc=AQlsTqI4TsZq7IzogfmFEqL7vmoBA5GPg4nr8Q84_NV3TP-XwozIlAIas696zH8aAmA&amp;_nc_ht=scontent-ams4-1.xx&amp;oh=780bb7bb0bbd2f02092a3f7b5b8e3ffd&amp;oe=5F33A7F1\" \/><\/div>\n<div dir=\"auto\"><\/div>\n<div dir=\"auto\"><span style=\"color: #ff0000;\">WI\u0118CEJ INFORMACJI W CECHU RZEMIOS\u0141 R\u00d3\u017bNYCH W ZDU\u0143SKIEJ WOLI.<\/span><\/div>\n<div class=\"o9v6fnle cxmmr5t8 oygrvhab hcukyx3x c1et5uql ii04i59q\">\n<h4 dir=\"auto\"><span style=\"color: #ff0000;\">Tel. (43) 823 33 92<\/span><\/h4>\n<h4 dir=\"auto\"><span style=\"color: #ff0000;\">Poniedzia\u0142ek &#8211; Pi\u0105tek 8.00 &#8211; 15.00<\/span><\/h4>\n<\/div>\n<\/li>\n<li>\n<h3><span style=\"color: #008000;\"><strong>Przypominamy o sk\u0142adaniu dokument\u00f3w do refundacji\u00a0<\/strong><\/span><\/h3>\n<\/li>\n<li>\n<h3>DO POBRANIA :\u00a0 \u00a0<a href=\"https:\/\/cechzdunskawola.pl\/wp-content\/uploads\/2020\/06\/Wniosek-pracodawcy-o-refundacj\u0119.doc\">Wniosek pracodawcy o refundacj\u0119<\/a><\/h3>\n<\/li>\n<li>\n<h3><span style=\"color: #0000ff;\">Przypominamy, \u017ce\u00a0uczniowie m\u0142odociani, kt\u00f3rzy nie maj\u0105 uko\u0144czonych 15 lat a chc\u0105 zawrze\u0107 umow\u0119 o prac\u0119 w celu nauki zawodu lub przyuczenia do wykonywania okre\u015blonej pracy &#8211; musz\u0105 otrzyma\u0107 pozytywn\u0105 opini\u0119 z Poradni Psychologiczno &#8211; Pedagogicznej.<\/span><\/h3>\n<h3><span style=\"color: #ff0000;\"><span style=\"color: #0000ff;\"><strong>Poradnia Psychologiczno &#8211; Pedagogiczna w Zdu\u0144skiej Woli<\/strong><\/span> \u00a0<\/span><\/h3>\n<p>ul. \u017beromskiego 3a<br \/>\n98-220 Zdu\u0144ska Wola<br \/>\ntel. +48 43 823 36 34<\/li>\n<li><a href=\"https:\/\/cechzdunskawola.pl\/wp-content\/uploads\/2012\/12\/slide15.jpg\"><img loading=\"lazy\" decoding=\"async\" class=\"aligncenter size-medium wp-image-19\" src=\"https:\/\/cechzdunskawola.pl\/wp-content\/uploads\/2012\/12\/slide15-300x113.jpg\" alt=\"\" width=\"300\" height=\"113\" srcset=\"https:\/\/cechzdunskawola.pl\/wp-content\/uploads\/2012\/12\/slide15-300x113.jpg 300w, https:\/\/cechzdunskawola.pl\/wp-content\/uploads\/2012\/12\/slide15-1024x386.jpg 1024w, https:\/\/cechzdunskawola.pl\/wp-content\/uploads\/2012\/12\/slide15.jpg 1140w\" sizes=\"(max-width: 300px) 100vw, 300px\" \/><\/a><a href=\"https:\/\/cechzdunskawola.pl\/wp-content\/uploads\/2020\/06\/Poradnia-scaled.jpg\"><br \/>\n<img loading=\"lazy\" decoding=\"async\" class=\"aligncenter size-medium wp-image-1246\" src=\"https:\/\/cechzdunskawola.pl\/wp-content\/uploads\/2020\/06\/Poradnia-300x225.jpg\" alt=\"\" width=\"300\" height=\"225\" srcset=\"https:\/\/cechzdunskawola.pl\/wp-content\/uploads\/2020\/06\/Poradnia-300x225.jpg 300w, https:\/\/cechzdunskawola.pl\/wp-content\/uploads\/2020\/06\/Poradnia-1024x768.jpg 1024w, https:\/\/cechzdunskawola.pl\/wp-content\/uploads\/2020\/06\/Poradnia-768x576.jpg 768w, https:\/\/cechzdunskawola.pl\/wp-content\/uploads\/2020\/06\/Poradnia-1536x1152.jpg 1536w, https:\/\/cechzdunskawola.pl\/wp-content\/uploads\/2020\/06\/Poradnia-2048x1536.jpg 2048w\" sizes=\"(max-width: 300px) 100vw, 300px\" \/><\/a>e-mail:<strong> <a href=\"mailto:poradnia_zdwola@wp.pl\">poradnia_zdwola@wp.pl<\/a><br \/>\n<a href=\"http:\/\/www.pppzdwola.pl\">www.pppzdwola<\/a><\/strong><a href=\"http:\/\/www.pppzdwola.pl\"><strong>.pl<\/strong><\/a><\/li>\n<li>\n<h4><strong><span style=\"color: #008000;\">Przypominamy pracodawcom, kt\u00f3rzy podpisali nowe umowy o prac\u0119 w celu nauki zawodu, \u017ce zgodnie z art. 16 ust. 6b ustawy z dn. 07.09.1991 r. o systemie o\u015bwiaty (Dz. U. z 2004 r. Nr 256, poz. 2572 z p\u00f3\u017an. zm.) s\u0105 zobowi\u0105zani powiadomi\u0107 w\u00f3jta gminy (burmistrza, prezydenta miasta), na terenie kt\u00f3rej mieszka absolwent gimnazjum, kt\u00f3ry nie uko\u0144czy\u0142 18 lat, o przyj\u0119ciu go w celu przygotowania zawodowego w terminie 14 dni od dnia przyj\u0119cia absolwenta, oraz informowa\u0107 tego w\u00f3jta (burmistrza, prezydenta miasta) o zmianach w spe\u0142nianiu obowi\u0105zku nauki przez absolwenta gimnazjum, w terminie 14 dni od dnia powstania tych zmian&#8221;. \u00a0 \u00a0 <\/span><\/strong><\/h4>\n<h4><strong><span style=\"color: #008000;\">Reasumuj\u0105c: w ci\u0105gu\u00a014 dni nale\u017cy zg\u0142asza\u0107 do Urz\u0119du Miasta lub Gminy (ze wzgl\u0119du na adres zamieszkania ucznia) wszystkie nowo zawarte\u00a0umowy o prac\u0119 w celu nauki zawodu lub przyuczenia oraz <span style=\"text-decoration: underline;\">nale\u017cy zg\u0142asza\u0107 ich rozwi\u0105zania.<\/span><\/span><\/strong><\/h4>\n<\/li>\n<li>\n<h4><span style=\"color: #008000;\"><span style=\"color: #ff6600;\"><strong>Specjalna oferta dla rzemios\u0142a &#8211; zmiana sprzedawcy energii elektrycznej\u00a0 ENERGY MATCH &#8211; tel. 226-230-330 (w godz. 9.00 &#8211; 17.00)<\/strong><\/span> <\/span><\/h4>\n<\/li>\n<\/ul>\n","protected":false},"excerpt":{"rendered":"<p>Od 1 stycznia 2023 r. ka\u017cdy p\u0142atnik sk\u0142adek ma ustawowy obowi\u0105zek posiadania profilu na Platformie Us\u0142ug Elektronicznych (PUE) ZUS. Do tej pory obowi\u0105zek posiadania profilu na PUE ZUS mieli p\u0142atnicy rozliczaj\u0105cy sk\u0142adki za wi\u0119cej ni\u017c 5 os\u00f3b. Po zmianach obowi\u0105zek ten dotyczy wszystkich przedsi\u0119biorc\u00f3w \u2013 tak\u017ce w\u0142a\u015bcicieli ma\u0142ych firm, czyli zatrudniaj\u0105cych do 5 pracownik\u00f3w oraz [&hellip;]<\/p>\n","protected":false},"author":1,"featured_media":0,"parent":0,"menu_order":11,"comment_status":"closed","ping_status":"closed","template":"","meta":{"pgc_sgb_lightbox_settings":"","footnotes":""},"_links":{"self":[{"href":"https:\/\/cechzdunskawola.pl\/index.php?rest_route=\/wp\/v2\/pages\/391"}],"collection":[{"href":"https:\/\/cechzdunskawola.pl\/index.php?rest_route=\/wp\/v2\/pages"}],"about":[{"href":"https:\/\/cechzdunskawola.pl\/index.php?rest_route=\/wp\/v2\/types\/page"}],"author":[{"embeddable":true,"href":"https:\/\/cechzdunskawola.pl\/index.php?rest_route=\/wp\/v2\/users\/1"}],"replies":[{"embeddable":true,"href":"https:\/\/cechzdunskawola.pl\/index.php?rest_route=%2Fwp%2Fv2%2Fcomments&post=391"}],"version-history":[{"count":221,"href":"https:\/\/cechzdunskawola.pl\/index.php?rest_route=\/wp\/v2\/pages\/391\/revisions"}],"predecessor-version":[{"id":2720,"href":"https:\/\/cechzdunskawola.pl\/index.php?rest_route=\/wp\/v2\/pages\/391\/revisions\/2720"}],"wp:attachment":[{"href":"https:\/\/cechzdunskawola.pl\/index.php?rest_route=%2Fwp%2Fv2%2Fmedia&parent=391"}],"curies":[{"name":"wp","href":"https:\/\/api.w.org\/{rel}","templated":true}]}}