{"id":342,"date":"2013-04-16T08:42:19","date_gmt":"2013-04-16T06:42:19","guid":{"rendered":"https:\/\/cechzdunskawola.pl\/?page_id=342"},"modified":"2024-03-04T14:36:05","modified_gmt":"2024-03-04T13:36:05","slug":"koszty-uzyskania-przychodu","status":"publish","type":"page","link":"https:\/\/cechzdunskawola.pl\/?page_id=342","title":{"rendered":"Koszty uzyskania przychodu"},"content":{"rendered":"<div id=\"link_307474\" class=\"title\">\n<h2>Koszty uzyskania przychodu obowi\u0105zuj\u0105ce w 2024 roku<\/h2>\n<\/div>\n<div class=\"plain\">\n<div class=\"tabelka-wrapper\">\n<table class=\"tabelka koszty\" border=\"0\" cellspacing=\"0\" cellpadding=\"0\">\n<tbody>\n<tr>\n<td colspan=\"3\">\n<h3>Koszty \u2013 pracownik miejscowy 2024<\/h3>\n<\/td>\n<\/tr>\n<tr>\n<td colspan=\"3\">rycza\u0142t dotycz\u0105cy stosunku s\u0142u\u017cbowego, stosunku pracy, sp\u00f3\u0142dzielczego stosunku pracy oraz pracy nak\u0142adczej<\/td>\n<\/tr>\n<tr>\n<td><\/td>\n<td>Miesi\u0119czny<\/td>\n<td>roczny &#8211; dla ca\u0142ego 2024 roku<\/td>\n<\/tr>\n<tr>\n<td>Jedna umowa<\/td>\n<td>250 z\u0142<\/td>\n<td>Nie mog\u0105 przekroczy\u0107 3000 z\u0142<\/td>\n<\/tr>\n<tr>\n<td>Wiele um\u00f3w<\/td>\n<td colspan=\"3\">4500 z\u0142<\/td>\n<\/tr>\n<tr>\n<td colspan=\"3\">Podwy\u017cszenie koszt\u00f3w mo\u017cliwe na podstawie imiennych bilet\u00f3w okresowych na przejazdy do pracy kolej\u0105, autobusem, promem lub \u015brodkami komunikacji miejskiej, przy czym pracodawca nie dokona\u0142 zwrotu tych koszt\u00f3w.<\/td>\n<\/tr>\n<\/tbody>\n<\/table>\n<\/div>\n<\/div>\n<div class=\"tabelka-wrapper\">\n<table class=\"tabelka\" border=\"0\" cellspacing=\"0\" cellpadding=\"0\">\n<tbody>\n<tr>\n<td colspan=\"3\">\n<h3>Koszty 2024 \u2013 pracownik zamiejscowy*<\/h3>\n<\/td>\n<\/tr>\n<tr>\n<td colspan=\"3\">rycza\u0142t dotycz\u0105cy stosunku s\u0142u\u017cbowego, stosunku pracy, sp\u00f3\u0142dzielczego stosunku pracy oraz pracy nak\u0142adczej<\/td>\n<\/tr>\n<tr>\n<td><\/td>\n<td>Miesi\u0119czny<\/td>\n<td>roczny &#8211; dla ca\u0142ego 2024 roku<\/td>\n<\/tr>\n<tr>\n<td>Jedna umowa<\/td>\n<td>300 z\u0142<\/td>\n<td>\u00a03600 z\u0142<\/td>\n<\/tr>\n<tr>\n<td>Wiele um\u00f3w<\/td>\n<td colspan=\"2\">5400 z\u0142*<\/td>\n<\/tr>\n<tr>\n<td colspan=\"3\">*pod warunkiem, \u017ce pracownik nie otrzymuje dodatku za roz\u0142\u0105k\u0119 oraz nie dochodzi do zwr\u00f3cenia mu wydatk\u00f3w za dojazd<\/td>\n<\/tr>\n<tr>\n<td colspan=\"3\">Podwy\u017cszenie koszt\u00f3w mo\u017cliwe na podstawie imiennych bilet\u00f3w okresowych na przejazdy do pracy kolej\u0105, autobusem, promem lub \u015brodkami komunikacji miejskiej, przy czym pracodawca nie dokona\u0142 zwrotu tych koszt\u00f3w.<\/td>\n<\/tr>\n<\/tbody>\n<\/table>\n<\/div>\n<p>Powy\u017csze koszty uzyskania przychod\u00f3w za 2024 rok mog\u0105 by\u0107 w trakcie roku modyfikowane. Je\u017celi podatnik z\u0142o\u017cy p\u0142atnikowi <a href=\"https:\/\/www.druki-formularze.pl\/druk\/oowkup-oswiadczenie-o-wyzsze-koszty-uzyskania-przychodu\">o\u015bwiadczenie o spe\u0142nieniu warunku dotycz\u0105cego\u00a0<\/a><a href=\"https:\/\/www.druki-formularze.pl\/druk\/oowkup-oswiadczenie-o-wyzsze-koszty-uzyskania-przychodu\">po\u0142o\u017cenia miejsca zamieszkania poza miejscowo\u015bci\u0105, w kt\u00f3rej znajduje si\u0119 zak\u0142ad pracy<\/a>, p\u0142atnik oblicza zaliczki, stosuj\u0105c podwy\u017cszone koszty uzyskania przychod\u00f3w. Bez z\u0142o\u017cenia o\u015bwiadczenia pracownikowi pobierane b\u0119d\u0105 podstawowe koszty rycza\u0142towe (pierwsza tabela), natomiast nadal b\u0119dzie mia\u0142 prawo do koszt\u00f3w podwy\u017cszonych je\u015bli wyka\u017ce je w rocznej deklaracji PIT.<\/p>\n<p><span style=\"font-size: revert; color: initial;\">\u00a0<\/span><\/p>\n","protected":false},"excerpt":{"rendered":"<p>Koszty uzyskania przychodu obowi\u0105zuj\u0105ce w 2024 roku Koszty \u2013 pracownik miejscowy 2024 rycza\u0142t dotycz\u0105cy stosunku s\u0142u\u017cbowego, stosunku pracy, sp\u00f3\u0142dzielczego stosunku pracy oraz pracy nak\u0142adczej Miesi\u0119czny roczny &#8211; dla ca\u0142ego 2024 roku Jedna umowa 250 z\u0142 Nie mog\u0105 przekroczy\u0107 3000 z\u0142 Wiele um\u00f3w 4500 z\u0142 Podwy\u017cszenie koszt\u00f3w mo\u017cliwe na podstawie imiennych bilet\u00f3w okresowych na przejazdy do [&hellip;]<\/p>\n","protected":false},"author":1,"featured_media":0,"parent":316,"menu_order":5,"comment_status":"closed","ping_status":"closed","template":"","meta":{"pgc_sgb_lightbox_settings":"","footnotes":""},"_links":{"self":[{"href":"https:\/\/cechzdunskawola.pl\/index.php?rest_route=\/wp\/v2\/pages\/342"}],"collection":[{"href":"https:\/\/cechzdunskawola.pl\/index.php?rest_route=\/wp\/v2\/pages"}],"about":[{"href":"https:\/\/cechzdunskawola.pl\/index.php?rest_route=\/wp\/v2\/types\/page"}],"author":[{"embeddable":true,"href":"https:\/\/cechzdunskawola.pl\/index.php?rest_route=\/wp\/v2\/users\/1"}],"replies":[{"embeddable":true,"href":"https:\/\/cechzdunskawola.pl\/index.php?rest_route=%2Fwp%2Fv2%2Fcomments&post=342"}],"version-history":[{"count":20,"href":"https:\/\/cechzdunskawola.pl\/index.php?rest_route=\/wp\/v2\/pages\/342\/revisions"}],"predecessor-version":[{"id":2674,"href":"https:\/\/cechzdunskawola.pl\/index.php?rest_route=\/wp\/v2\/pages\/342\/revisions\/2674"}],"up":[{"embeddable":true,"href":"https:\/\/cechzdunskawola.pl\/index.php?rest_route=\/wp\/v2\/pages\/316"}],"wp:attachment":[{"href":"https:\/\/cechzdunskawola.pl\/index.php?rest_route=%2Fwp%2Fv2%2Fmedia&parent=342"}],"curies":[{"name":"wp","href":"https:\/\/api.w.org\/{rel}","templated":true}]}}