{"id":328,"date":"2013-04-16T08:27:02","date_gmt":"2013-04-16T06:27:02","guid":{"rendered":"https:\/\/cechzdunskawola.pl\/?page_id=328"},"modified":"2022-11-29T13:20:54","modified_gmt":"2022-11-29T12:20:54","slug":"skala-podatkowa-i-koszty-uzyskania-przychodu","status":"publish","type":"page","link":"https:\/\/cechzdunskawola.pl\/?page_id=328","title":{"rendered":"SKALA PODATKOWA"},"content":{"rendered":"<div class=\"plain\"><\/div>\n<div id=\"link_301589\" class=\"title\">\n<h1>Skala podatkowa 2022<\/h1>\n<h1>(dla rozlicze\u0144 PIT w 2023 roku)<\/h1>\n<\/div>\n<div class=\"plain\">\n<div class=\"tabelka-wrapper\">\n<table class=\"tabelka koszty\" border=\"0\" cellspacing=\"0\" cellpadding=\"0\">\n<tbody>\n<tr>\n<td colspan=\"2\" rowspan=\"1\">Podstawa obliczenia podatku w z\u0142otych<\/td>\n<td>Podatek wynosi<\/td>\n<\/tr>\n<tr>\n<td>ponad<\/td>\n<td>do<\/td>\n<td><\/td>\n<\/tr>\n<tr>\n<td><\/td>\n<td>120.000<\/td>\n<td>12 % minus kwota zmniejszaj\u0105ca podatek 3600 z\u0142<\/td>\n<\/tr>\n<tr>\n<td>120.000<\/td>\n<td><\/td>\n<td>10 800 z\u0142 + 32% nadwy\u017cki ponad 120 000 z\u0142<\/td>\n<\/tr>\n<tr>\n<td>1.000.000<\/td>\n<td><\/td>\n<td>10 800 z\u0142 + 32% nadwy\u017cki ponad 120 000 z\u0142\u00a0 plus dodatkowe 4% od nadwy\u017cki ponad 1 mln z\u0142 podstawy (Wi\u0119cej informacji w\u00a0<a href=\"https:\/\/www.e-pity.pl\/danina-solidarnosciowa\/\">poradniku o daninie solidarno\u015bciowej<\/a>)<\/td>\n<\/tr>\n<\/tbody>\n<\/table>\n<\/div>\n<p>Dla\u00a0<a href=\"https:\/\/www.e-pity.pl\/pobierz-darmowy-program\/\">PIT za 2022<\/a>\u00a0rok (rozliczana w 2023 roku) &#8211; kwota zmniejszaj\u0105ca jest sta\u0142a i wyniesie 3600 z\u0142 Szczeg\u00f3\u0142owe informacje poni\u017cej lub\u00a0<a href=\"https:\/\/www.e-pity.pl\/kwota-wolna-od-podatku\/\">w poradniku kwoty wolnej i podatku za 2022 r.<\/a><\/p>\n<p>Podatek\u00a0i ile zarobisz &#8222;na r\u0119k\u0119&#8221; wyliczysz w\u00a0<a href=\"https:\/\/www.e-pity.pl\/kalkulatory-podatkowe\/wynagrodzenia-place\/\">kalkulatorze wynagrodze\u0144 \/ p\u0142ac 2022<\/a>\u00a0&#8211; zgodnym z zmianami nowy \u0142ad z lipca 2022,\u00a0zawsze wed\u0142ug aktualnych stawek i koszt\u00f3w PIT, je\u017celi prowadzisz dzia\u0142alno\u015b\u0107\u00a0<a href=\"https:\/\/www.e-pity.pl\/polski-lad\/kalkulator-forma-opodatkowania-firmy\/\">sprawd\u017a w kalkulatorze Polski \u0141ad &#8211; wysoko\u015b\u0107 podatku i zaliczek liczonych wg skali podatkowej.<\/a><\/p>\n<\/div>\n<h2><\/h2>\n<h2>Podatek hipotetyczny &#8211; skala 2022<\/h2>\n<p>W przypadku wyliczenia hipotetycznego podatku za ca\u0142y rok 2022 (w celu por\u00f3wnania go z nowymi zasadami i now\u0105 skal\u0105 podatkow\u0105) &#8211; obowi\u0105zuje poni\u017csza tabela wyliczenia podatku.<\/p>\n<p>Je\u015bli przy u\u017cyciu tej skali podatkowej podatek by\u0142by ni\u017cszy ni\u017c przy tabeli nr 1 (powy\u017cej), to podatnik ma prawo do rozliczenia si\u0119 wed\u0142ug tej skali. Ustalaj\u0105c swoje zobowi\u0105zanie i wype\u0142niaj\u0105c deklaracj\u0119 PIT podatnik wylicza podatek na zasadach z tabeli nr 1, a r\u00f3\u017cnica w podatku hipotetycznym zostaje mu zwr\u00f3cona z urz\u0119du skarbowego.<\/p>\n<p>Podatek hipotetyczny obliczaj\u0105 wy\u0142\u0105cznie podatnicy osi\u0105gaj\u0105cy przychody ze stosunku\u00a0s\u0142u\u017cbowego, stosunku pracy, pracy nak\u0142adczej, sp\u00f3\u0142dzielczego stosunku pracy oraz z<br \/>\npozarolniczej dzia\u0142alno\u015bci gospodarczej, w wysoko\u015bci od 68 412 z\u0142 do 133 692 z\u0142.<\/p>\n<div class=\"tabelka-wrapper\">\n<table class=\"tabelka koszty\" border=\"0\" cellspacing=\"0\" cellpadding=\"0\">\n<tbody>\n<tr>\n<td colspan=\"3\">Hipotetyczny podatek 2022 r.<\/td>\n<\/tr>\n<tr>\n<td colspan=\"2\">Podstawa obliczenia podatku w z\u0142otych<\/td>\n<td>Podatek wynosi<\/td>\n<\/tr>\n<tr>\n<td>ponad<\/td>\n<td>do<\/td>\n<td><\/td>\n<\/tr>\n<tr>\n<td><\/td>\n<td>85 528<\/td>\n<td>17 % minus kwota zmniejszaj\u0105ca podatek 5100 z\u0142<\/td>\n<\/tr>\n<tr>\n<td>85 528<\/td>\n<td><\/td>\n<td>15 300 z\u0142 + 32% nadwy\u017cki ponad 120 000 z\u0142<\/td>\n<\/tr>\n<tr>\n<td>1.000.000<\/td>\n<td><\/td>\n<td>15 300 z\u0142 + 32% nadwy\u017cki ponad 120 000 z\u0142\u00a0+ 32% nadwy\u017cki ponad 120 000 z\u0142\u00a0 plus dodatkowe 4% od nadwy\u017cki ponad 1 mln z\u0142 podstawy (Wi\u0119cej informacji w\u00a0<a href=\"https:\/\/www.e-pity.pl\/danina-solidarnosciowa\/\">poradniku o daninie solidarno\u015bciowej<\/a>)<\/td>\n<\/tr>\n<\/tbody>\n<\/table>\n<\/div>\n<p>Podstaw\u0105 obliczenia podatku w obu przypadkach (kt\u00f3r\u0105 nale\u017cy por\u00f3wna\u0107 z kwotami z powy\u017cszej tabeli) jest przych\u00f3d po odj\u0119ciu od niego koszt\u00f3w uzyskania oraz po odj\u0119ciu od tej r\u00f3\u017cnicy przys\u0142uguj\u0105cych ulg i odlicze\u0144 \u2013 ale wy\u0142\u0105cznie takich, kt\u00f3re odlicza si\u0119 od dochodu (a nie od podatku). Jednak przy liczeniu podatku hipotetycznego nale\u017cy uwzgl\u0119dni\u0107 kwot\u0119\u00a0<a href=\"https:\/\/www.e-pity.pl\/polski-lad\/ulga-dla-klasy-sredniej\/\">ulgi dla klasy \u015bredniej<\/a>. W przypadku skali podatkowej 2022 dla podatku nale\u017cnego (tabela nr 1) nie uwzgl\u0119dnia si\u0119 tej ulgi.<\/p>\n","protected":false},"excerpt":{"rendered":"<p>Skala podatkowa 2022 (dla rozlicze\u0144 PIT w 2023 roku) Podstawa obliczenia podatku w z\u0142otych Podatek wynosi ponad do 120.000 12 % minus kwota zmniejszaj\u0105ca podatek 3600 z\u0142 120.000 10 800 z\u0142 + 32% nadwy\u017cki ponad 120 000 z\u0142 1.000.000 10 800 z\u0142 + 32% nadwy\u017cki ponad 120 000 z\u0142\u00a0 plus dodatkowe 4% od nadwy\u017cki ponad [&hellip;]<\/p>\n","protected":false},"author":1,"featured_media":0,"parent":316,"menu_order":4,"comment_status":"closed","ping_status":"closed","template":"","meta":{"pgc_sgb_lightbox_settings":"","footnotes":""},"_links":{"self":[{"href":"https:\/\/cechzdunskawola.pl\/index.php?rest_route=\/wp\/v2\/pages\/328"}],"collection":[{"href":"https:\/\/cechzdunskawola.pl\/index.php?rest_route=\/wp\/v2\/pages"}],"about":[{"href":"https:\/\/cechzdunskawola.pl\/index.php?rest_route=\/wp\/v2\/types\/page"}],"author":[{"embeddable":true,"href":"https:\/\/cechzdunskawola.pl\/index.php?rest_route=\/wp\/v2\/users\/1"}],"replies":[{"embeddable":true,"href":"https:\/\/cechzdunskawola.pl\/index.php?rest_route=%2Fwp%2Fv2%2Fcomments&post=328"}],"version-history":[{"count":26,"href":"https:\/\/cechzdunskawola.pl\/index.php?rest_route=\/wp\/v2\/pages\/328\/revisions"}],"predecessor-version":[{"id":1450,"href":"https:\/\/cechzdunskawola.pl\/index.php?rest_route=\/wp\/v2\/pages\/328\/revisions\/1450"}],"up":[{"embeddable":true,"href":"https:\/\/cechzdunskawola.pl\/index.php?rest_route=\/wp\/v2\/pages\/316"}],"wp:attachment":[{"href":"https:\/\/cechzdunskawola.pl\/index.php?rest_route=%2Fwp%2Fv2%2Fmedia&parent=328"}],"curies":[{"name":"wp","href":"https:\/\/api.w.org\/{rel}","templated":true}]}}