{"id":2448,"date":"2023-07-31T12:09:39","date_gmt":"2023-07-31T10:09:39","guid":{"rendered":"https:\/\/cechzdunskawola.pl\/?page_id=2448"},"modified":"2023-07-31T12:09:39","modified_gmt":"2023-07-31T10:09:39","slug":"elektromechanik-agd","status":"publish","type":"page","link":"https:\/\/cechzdunskawola.pl\/?page_id=2448","title":{"rendered":"Elektromechanik (AGD)"},"content":{"rendered":"\n<p><\/p>\n\n\n\n<p><em>SERWIS AGD<\/em><\/p>\n\n\n\n<p><em>Tomaszewski Pawe\u0142<\/em><\/p>\n\n\n\n<p><em>ul. Zdu\u0144ska 39<\/em><\/p>\n\n\n\n<p><em>98-220 Zdu\u0144ska Wola<\/em><\/p>\n\n\n\n<p><em>tel.  698-688-313<\/em><\/p>\n","protected":false},"excerpt":{"rendered":"<p>SERWIS AGD Tomaszewski Pawe\u0142 ul. Zdu\u0144ska 39 98-220 Zdu\u0144ska Wola tel. 698-688-313<\/p>\n","protected":false},"author":1,"featured_media":0,"parent":2,"menu_order":6,"comment_status":"closed","ping_status":"closed","template":"","meta":{"pgc_sgb_lightbox_settings":"","footnotes":""},"_links":{"self":[{"href":"https:\/\/cechzdunskawola.pl\/index.php?rest_route=\/wp\/v2\/pages\/2448"}],"collection":[{"href":"https:\/\/cechzdunskawola.pl\/index.php?rest_route=\/wp\/v2\/pages"}],"about":[{"href":"https:\/\/cechzdunskawola.pl\/index.php?rest_route=\/wp\/v2\/types\/page"}],"author":[{"embeddable":true,"href":"https:\/\/cechzdunskawola.pl\/index.php?rest_route=\/wp\/v2\/users\/1"}],"replies":[{"embeddable":true,"href":"https:\/\/cechzdunskawola.pl\/index.php?rest_route=%2Fwp%2Fv2%2Fcomments&post=2448"}],"version-history":[{"count":1,"href":"https:\/\/cechzdunskawola.pl\/index.php?rest_route=\/wp\/v2\/pages\/2448\/revisions"}],"predecessor-version":[{"id":2449,"href":"https:\/\/cechzdunskawola.pl\/index.php?rest_route=\/wp\/v2\/pages\/2448\/revisions\/2449"}],"up":[{"embeddable":true,"href":"https:\/\/cechzdunskawola.pl\/index.php?rest_route=\/wp\/v2\/pages\/2"}],"wp:attachment":[{"href":"https:\/\/cechzdunskawola.pl\/index.php?rest_route=%2Fwp%2Fv2%2Fmedia&parent=2448"}],"curies":[{"name":"wp","href":"https:\/\/api.w.org\/{rel}","templated":true}]}}