{"id":22,"date":"2012-12-15T16:52:15","date_gmt":"2012-12-15T15:52:15","guid":{"rendered":"https:\/\/cechzdunskawola.pl\/?page_id=22"},"modified":"2020-06-15T09:25:42","modified_gmt":"2020-06-15T07:25:42","slug":"historia","status":"publish","type":"page","link":"https:\/\/cechzdunskawola.pl\/?page_id=22","title":{"rendered":"ORGANIZACJA"},"content":{"rendered":"<p><span style=\"color: #336600; font-family: Verdana,Arial,Helvetica,sans-serif;\"><strong><span style=\"color: #669900;\">Cech Rzemios\u0142 R\u00f3\u017cnych w Zdu\u0144skiej Woli<\/span><\/strong><span style=\"color: #000000; font-size: small;\"> zrzesza na zasadzie dobrowolno\u015bci pracodawc\u00f3w &#8211; rzemie\u015blnik\u00f3w z terenu powiatu zdu\u0144skowolskiego.<br \/>\nCech zrzesza rzemie\u015blnik\u00f3w reprezentuj\u0105cych wysoki poziom wiedzy zawodowej i kieruj\u0105cych si\u0119 zasadami etyki zawodowej. Rzemie\u015blnicy &#8211; cz\u0142onkowie Cechu gwarantuj\u0105 rzetelne i solidne wykonawstwo us\u0142ugi czy wyrob\u00f3w.<br \/>\nCz\u0142onkiem Cechu mo\u017ce zosta\u0107 osoba wykonuj\u0105ca rzemios\u0142o (w zakresie wszystkich bran\u017c) samodzielnie lub w sp\u00f3\u0142ce cywilnej.<br \/>\nCz\u0142onkiem Cechu mo\u017ce by\u0107 r\u00f3wnie\u017c przedsi\u0119biorca, nie b\u0119d\u0105cy rzemie\u015blnikiem, prowadz\u0105cy dzia\u0142alno\u015b\u0107 gospodarcz\u0105 samodzielnie, w sp\u00f3\u0142ce cywilnej lub jawnej os\u00f3b fizycznych.<br \/>\nWarunkiem przyj\u0119cia w poczet cz\u0142onk\u00f3w jest z\u0142o\u017cenie deklaracji w formie pisemnej oraz dokument\u00f3w potwierdzaj\u0105cych wykonywanie rzemios\u0142a albo innej dzia\u0142alno\u015bci gospodarczej.<br \/>\nOrganem uprawnionym do przyjmowania cz\u0142onk\u00f3w jest Zarz\u0105d Cechu. Uchwa\u0142a w sprawie przyj\u0119cia powinna by\u0107 podj\u0119ta najp\u00f3\u017aniej w ci\u0105gu miesi\u0105ca od dnia z\u0142o\u017cenia deklaracji.<br \/>\nWszelkich informacji udziela Biuro Cechu.<\/span><\/span><\/p>\n<p><span style=\"color: #336600; font-family: Verdana,Arial,Helvetica,sans-serif;\"><strong><span style=\"color: #669900;\">Cech jako organizacja samorz\u0105du gospodarczego:<\/span><\/strong><br \/>\n<span style=\"color: #000000;\">\u2666&nbsp;<span style=\"font-size: small;\">Promuje dzia\u0142alno\u015b\u0107 gospodarcz\u0105 i spo\u0142eczno- zawodow\u0105 rzemios\u0142a.<br \/>\n\u2666&nbsp;Sprawuje nadz\u00f3r nad organizacj\u0105 i przebiegiem procesu przygotowania zawodowego w rzemio\u015ble. Zgodnie z Art. 3 pkt. 5 ustawy o rzemio\u015ble Rzemie\u015blnicy zatrudniaj\u0105cy pracownik\u00f3w w celu przygotowania zawodowego w rzemio\u015ble obowi\u0105zani s\u0105 &#8222;&#8230; by\u0107 cz\u0142onkami cechu lub izby rzemie\u015blniczej&#8221;.<br \/>\n\u2666&nbsp;Udziela pomocy rzemie\u015blnikom i innym przedsi\u0119biorcom zrzeszonych w organizacjach samorz\u0105du gospodarczego rzemios\u0142a.<br \/>\n\u2666&nbsp;Reprezentuje interesy \u015brodowiska rzemie\u015blniczego wobec organ\u00f3w administracji publicznej.<br \/>\n\u2666&nbsp;Uczestniczy w realizacji zada\u0144 z zakresu o\u015bwiaty i wychowania w celu zapewnienia wykwalifikowanych kadr dla gospodarki. <\/span><\/span><\/span><\/p>\n<p><span style=\"color: #336600; font-family: Verdana,Arial,Helvetica,sans-serif;\"><strong><span style=\"color: #669900;\">Cech Rzemios\u0142 R\u00f3\u017cnych w Zdu\u0144skiej Woli<\/span><\/strong><br \/>\n<span style=\"color: #000000; font-size: small;\">w zakresie sprawowania nadzoru nad przebiegiem przygotowania zawodowego realizuje nast\u0119puj\u0105ce zadania:<br \/>\nProwadzi ewidencje \/wykaz\/ pracodawc\u00f3w zatrudniaj\u0105cych m\u0142odocianych w celu przygotowania zawodowego \/zawiera informacje o stanie zatrudnienia m\u0142odocianych pracownik\u00f3w, kwalifikacjach zawodowych i pedagogicznych os\u00f3b szkol\u0105cych, wolnych miejscach do wykorzystania w celu szkolenia\/<br \/>\nProwadzi ewidencje um\u00f3w w celu przygotowania zawodowego realizowanego u pracodawc\u00f3w,<br \/>\nProwadzi doradztwo oraz udziela informacji na temat zasad prawnych zwi\u0105zanych ze szkoleniem, zar\u00f3wno dla pracodawc\u00f3w jak i dla pracownik\u00f3w m\u0142odocianych oraz uczestniczy w rozstrzyganiu ewentualnych spor\u00f3w i nieporozumie\u0144 wynik\u0142ych w trakcie trwania przygotowania zawodowego,<br \/>\nUdziela informacji na temat wolnych miejsc na nauk\u0119 zawodu,<br \/>\nUdziela informacji oraz przygotowuje i udost\u0119pnia niezb\u0119dn\u0105 dokumentacj\u0119 zwi\u0105zana z organizacj\u0105 przygotowania zawodowego m\u0142odocianych,<br \/>\nPromuje nauk\u0119 zawodu organizowan\u0105 z zak\u0142adach rzemie\u015blniczych poprzez udzielanie i upowszechnianie informacji na temat zasad prawnych i organizacyjnych dot. przygotowania zawodowego w rzemio\u015ble, ze szczeg\u00f3lnym uwzgl\u0119dnieniem praw i obowi\u0105zk\u00f3w mistrza szkol\u0105cego oraz pracownika m\u0142odocianego.<\/span><\/span><\/p>\n<p><span style=\"color: #336600; font-family: Verdana,Arial,Helvetica,sans-serif;\"><strong><span style=\"color: #669900;\">Cech Rzemios\u0142 R\u00f3\u017cnych w Zdu\u0144skiej Woli:<\/span><\/strong><br \/>\n<span style=\"color: #000000; font-size: small;\">udziela informacji na temat zasad prawnych zwi\u0105zanych ze szkoleniem uczni\u00f3w m\u0142odocianych w rzemio\u015ble,<br \/>\npomaga w wype\u0142nianiu wszelkich wniosk\u00f3w i druk\u00f3w,<br \/>\nreprezentuje rzemie\u015blnik\u00f3w wobec urz\u0119d\u00f3w i organizacji,<br \/>\norganizuje spotkania okoliczno\u015bciowe.<\/span><\/span><\/p>\n","protected":false},"excerpt":{"rendered":"<p>Cech Rzemios\u0142 R\u00f3\u017cnych w Zdu\u0144skiej Woli zrzesza na zasadzie dobrowolno\u015bci pracodawc\u00f3w &#8211; rzemie\u015blnik\u00f3w z terenu powiatu zdu\u0144skowolskiego. Cech zrzesza rzemie\u015blnik\u00f3w reprezentuj\u0105cych wysoki poziom wiedzy zawodowej i kieruj\u0105cych si\u0119 zasadami etyki zawodowej. Rzemie\u015blnicy &#8211; cz\u0142onkowie Cechu gwarantuj\u0105 rzetelne i solidne wykonawstwo us\u0142ugi czy wyrob\u00f3w. Cz\u0142onkiem Cechu mo\u017ce zosta\u0107 osoba wykonuj\u0105ca rzemios\u0142o (w zakresie wszystkich bran\u017c) samodzielnie [&hellip;]<\/p>\n","protected":false},"author":1,"featured_media":0,"parent":0,"menu_order":2,"comment_status":"closed","ping_status":"closed","template":"","meta":{"pgc_sgb_lightbox_settings":"","footnotes":""},"_links":{"self":[{"href":"https:\/\/cechzdunskawola.pl\/index.php?rest_route=\/wp\/v2\/pages\/22"}],"collection":[{"href":"https:\/\/cechzdunskawola.pl\/index.php?rest_route=\/wp\/v2\/pages"}],"about":[{"href":"https:\/\/cechzdunskawola.pl\/index.php?rest_route=\/wp\/v2\/types\/page"}],"author":[{"embeddable":true,"href":"https:\/\/cechzdunskawola.pl\/index.php?rest_route=\/wp\/v2\/users\/1"}],"replies":[{"embeddable":true,"href":"https:\/\/cechzdunskawola.pl\/index.php?rest_route=%2Fwp%2Fv2%2Fcomments&post=22"}],"version-history":[{"count":9,"href":"https:\/\/cechzdunskawola.pl\/index.php?rest_route=\/wp\/v2\/pages\/22\/revisions"}],"predecessor-version":[{"id":1304,"href":"https:\/\/cechzdunskawola.pl\/index.php?rest_route=\/wp\/v2\/pages\/22\/revisions\/1304"}],"wp:attachment":[{"href":"https:\/\/cechzdunskawola.pl\/index.php?rest_route=%2Fwp%2Fv2%2Fmedia&parent=22"}],"curies":[{"name":"wp","href":"https:\/\/api.w.org\/{rel}","templated":true}]}}