{"id":20,"date":"2012-12-15T16:51:50","date_gmt":"2012-12-15T15:51:50","guid":{"rendered":"https:\/\/cechzdunskawola.pl\/?page_id=20"},"modified":"2020-06-10T10:19:18","modified_gmt":"2020-06-10T08:19:18","slug":"o-nas","status":"publish","type":"page","link":"https:\/\/cechzdunskawola.pl\/?page_id=20","title":{"rendered":"O NAS"},"content":{"rendered":"<h4 class=\"western\"><span style=\"font-family: Times New Roman, serif;\"><span style=\"font-size: large;\"><strong><span style=\"color: #008000;\">Cech Rzemios\u0142 R\u00f3\u017cnych<\/span><\/strong><strong><span style=\"color: #000000;\"> jest dobrowoln\u0105 organizacj\u0105 samorz\u0105du gospodarczego rzemios\u0142a i ma\u0142ej przedsi\u0119biorczo\u015bci w rozumieniu ustawy prawo dzia\u0142alno\u015bci gospodarczej (<\/span><\/strong><em><span style=\"color: #000000;\">Dz. U. z 1999 roku Nr 101, poz. 1178 ze zm.<\/span><\/em><strong><span style=\"color: #000000;\">). Zadaniem Cechu jest utrwalenie wi\u0119zi \u015brodowiskowych, postaw zgodnych z zasadami etyki i godno\u015bci zawodu a tak\u017ce prowadzenie na rzecz cz\u0142onk\u00f3w dzia\u0142alno\u015bci spo\u0142eczno-organizacyjnej, o\u015bwiatowej i gospodarczej, a tak\u017ce reprezentowanie interes\u00f3w cz\u0142onk\u00f3w wobec organ\u00f3w w\u0142adzy i administracji pa\u0144stwowej oraz s\u0105d\u00f3w.<\/span><\/strong><\/span><\/span><\/h4>\n<p style=\"text-align: center;\"><a href=\"https:\/\/cechzdunskawola.pl\/wp-content\/uploads\/2012\/12\/ksiega.jpg\"><img loading=\"lazy\" decoding=\"async\" class=\"size-full wp-image-41 aligncenter\" title=\"ksiega\" src=\"https:\/\/cechzdunskawola.pl\/wp-content\/uploads\/2012\/12\/ksiega.jpg\" alt=\"\" width=\"610\" height=\"285\" srcset=\"https:\/\/cechzdunskawola.pl\/wp-content\/uploads\/2012\/12\/ksiega.jpg 610w, https:\/\/cechzdunskawola.pl\/wp-content\/uploads\/2012\/12\/ksiega-300x140.jpg 300w\" sizes=\"(max-width: 610px) 100vw, 610px\" \/><\/a><\/p>\n<p><strong><span style=\"color: #669900;\"><span style=\"font-family: Times New Roman, serif;\"><span style=\"font-size: large;\">CELAMI CECHU S\u0104:<\/span><\/span><\/span><\/strong><\/p>\n<ul>\n<li><span style=\"color: #000000;\"><span style=\"font-family: Times New Roman, serif;\"><span style=\"font-size: large;\">Ochrona praw i reprezentowanie interes\u00f3w cz\u0142onk\u00f3w wobec organ\u00f3w w\u0142adzy i administracji pa\u0144stwowej, organ\u00f3w samorz\u0105du terytorialnego, s\u0105d\u00f3w, zwi\u0105zk\u00f3w zawodowych, urz\u0119d\u00f3w i instytucji;<\/span><\/span><\/span><\/li>\n<li><span style=\"font-family: Times New Roman, serif;\"><span style=\"font-size: large;\"><span style=\"color: #000000;\">Prowadzenie<\/span>\u00a0na rzecz cz\u0142onk\u00f3w dzia\u0142alno\u015bci spo\u0142eczno-organizacyjnej, kulturalnej, o\u015bwiatowej, socjalnej i gospodarczej;<\/span><\/span><\/li>\n<li><span style=\"font-family: Times New Roman, serif;\"><span style=\"font-size: large;\">Utrwalenie wi\u0119zi \u015brodowiskowej i postaw zgodnych z zasadami etyki i godno\u015bci zawodowej polskiego rzemie\u015blnika;<\/span><\/span><\/li>\n<li><span style=\"font-family: Times New Roman, serif;\"><span style=\"font-size: large;\">Wykonywanie, na podstawie upowa\u017cnienia Izby Rzemie\u015blniczej w \u0141odzi, w kt\u00f3rej Cech jest zrzeszony zada\u0144 z zakresu nadzoru nad przebiegiem przygotowania zawodowego w rzemio\u015ble pracownik\u00f3w m\u0142odocianych zatrudnionych w przedsi\u0119biorstwach prowadzonych przez cz\u0142onk\u00f3w Cechu;<\/span><\/span><\/li>\n<li><span style=\"font-family: Times New Roman, serif;\"><span style=\"font-size: large;\">Podejmowanie dzia\u0142a\u0144 maj\u0105cych na celu zapewnienie przestrzegania prawa zw\u0142aszcza przepis\u00f3w ustawy o rzemio\u015ble przez wszystkie osoby<\/span><\/span><span style=\"font-family: Times New Roman, serif;\"><span style=\"font-size: large;\">\u00a0i instytucje, kt\u00f3rych dotyczy\u0107 to mo\u017ce.<\/span><\/span><\/li>\n<\/ul>\n","protected":false},"excerpt":{"rendered":"<p>Cech Rzemios\u0142 R\u00f3\u017cnych jest dobrowoln\u0105 organizacj\u0105 samorz\u0105du gospodarczego rzemios\u0142a i ma\u0142ej przedsi\u0119biorczo\u015bci w rozumieniu ustawy prawo dzia\u0142alno\u015bci gospodarczej (Dz. U. z 1999 roku Nr 101, poz. 1178 ze zm.). Zadaniem Cechu jest utrwalenie wi\u0119zi \u015brodowiskowych, postaw zgodnych z zasadami etyki i godno\u015bci zawodu a tak\u017ce prowadzenie na rzecz cz\u0142onk\u00f3w dzia\u0142alno\u015bci spo\u0142eczno-organizacyjnej, o\u015bwiatowej i gospodarczej, a [&hellip;]<\/p>\n","protected":false},"author":1,"featured_media":0,"parent":0,"menu_order":1,"comment_status":"closed","ping_status":"open","template":"","meta":{"pgc_sgb_lightbox_settings":"","footnotes":""},"_links":{"self":[{"href":"https:\/\/cechzdunskawola.pl\/index.php?rest_route=\/wp\/v2\/pages\/20"}],"collection":[{"href":"https:\/\/cechzdunskawola.pl\/index.php?rest_route=\/wp\/v2\/pages"}],"about":[{"href":"https:\/\/cechzdunskawola.pl\/index.php?rest_route=\/wp\/v2\/types\/page"}],"author":[{"embeddable":true,"href":"https:\/\/cechzdunskawola.pl\/index.php?rest_route=\/wp\/v2\/users\/1"}],"replies":[{"embeddable":true,"href":"https:\/\/cechzdunskawola.pl\/index.php?rest_route=%2Fwp%2Fv2%2Fcomments&post=20"}],"version-history":[{"count":12,"href":"https:\/\/cechzdunskawola.pl\/index.php?rest_route=\/wp\/v2\/pages\/20\/revisions"}],"predecessor-version":[{"id":1254,"href":"https:\/\/cechzdunskawola.pl\/index.php?rest_route=\/wp\/v2\/pages\/20\/revisions\/1254"}],"wp:attachment":[{"href":"https:\/\/cechzdunskawola.pl\/index.php?rest_route=%2Fwp%2Fv2%2Fmedia&parent=20"}],"curies":[{"name":"wp","href":"https:\/\/api.w.org\/{rel}","templated":true}]}}