{"id":2,"date":"2012-12-14T08:56:33","date_gmt":"2012-12-14T08:56:33","guid":{"rendered":"https:\/\/cechzdunskawola.pl\/?page_id=2"},"modified":"2023-07-31T12:20:05","modified_gmt":"2023-07-31T10:20:05","slug":"przykladowa-strona","status":"publish","type":"page","link":"https:\/\/cechzdunskawola.pl\/?page_id=2","title":{"rendered":"SPIS FIRM"},"content":{"rendered":"<div><a href=\"https:\/\/cechzdunskawola.pl\/?page_id=2435\"><span style=\"color: #008000;\"><strong>\u015alusarz<\/strong><\/span><\/a><\/div>\n<div><a href=\"https:\/\/cechzdunskawola.pl\/?page_id=159\"><span style=\"color: #008000;\"><span style=\"color: #008000;\"><strong><span style=\"color: #008000;\">Elektromechanik\u00a0pojazd\u00f3w samochodowych<\/span><\/strong><\/span><\/span><\/a><\/div>\n<div><a href=\"https:\/\/cechzdunskawola.pl\/?page_id=95\"><span style=\"color: #008000;\"><span style=\"color: #008000;\"><strong><span style=\"color: #008000;\">Mechanik pojazd\u00f3w samochodowych<\/span><\/strong><\/span><\/span><\/a><\/div>\n<div><a href=\"https:\/\/cechzdunskawola.pl\/?page_id=115\"><span style=\"color: #008000;\"><strong><span style=\"color: #008000;\">Blacharz\u00a0samochodowy<\/span><\/strong><\/span><\/a><\/div>\n<div><a href=\"https:\/\/cechzdunskawola.pl\/?page_id=115\"><span style=\"color: #008000;\"><strong>Lakiernik samochodowy<\/strong><\/span><\/a><\/div>\n<div><a href=\"https:\/\/cechzdunskawola.pl\/?page_id=2448\"><span style=\"color: #008000;\"><strong>Elektromechanik\u00a0 (AGD)<\/strong><\/span><\/a><br \/>\n<a href=\"https:\/\/cechzdunskawola.pl\/?page_id=120\"><span style=\"color: #008000;\"><strong><span style=\"color: #008000;\">Tapicer<\/span><\/strong><\/span><\/a><\/div>\n<div><a href=\"https:\/\/cechzdunskawola.pl\/?page_id=591\"><strong><span style=\"color: #008000;\">Stolarz<\/span><\/strong><\/a><br \/>\n<a href=\"https:\/\/cechzdunskawola.pl\/?page_id=125\"><span style=\"color: #008000;\"><strong><span style=\"color: #008000;\">Krawiec<\/span><\/strong><\/span><\/a><br \/>\n<a href=\"https:\/\/cechzdunskawola.pl\/?page_id=129\"><span style=\"color: #008000;\"><strong><span style=\"color: #008000;\">Piekarz<\/span><\/strong><\/span><\/a><br \/>\n<a href=\"https:\/\/cechzdunskawola.pl\/?page_id=131\"><span style=\"color: #008000;\"><strong><span style=\"color: #008000;\">Cukiernik<\/span><\/strong><\/span><\/a><br \/>\n<a href=\"https:\/\/cechzdunskawola.pl\/?page_id=141\"><span style=\"color: #008000;\"><strong><span style=\"color: #008000;\">Kucharz<\/span><\/strong><\/span><\/a><\/div>\n<div><a href=\"https:\/\/cechzdunskawola.pl\/?page_id=1366\"><span style=\"color: #008000;\"><strong>Przetw\u00f3rca mi\u0119sa<\/strong><\/span><\/a><\/div>\n<div><a href=\"https:\/\/cechzdunskawola.pl\/?page_id=1001\"><span style=\"color: #008000;\"><strong><span style=\"color: #008000;\">Elektryk<\/span><\/strong><\/span><\/a><br \/>\n<a href=\"https:\/\/cechzdunskawola.pl\/?page_id=149\"><span style=\"color: #008000;\"><strong><span style=\"color: #008000;\">Murarz tynkarz<\/span><\/strong><\/span><\/a><br \/>\n<a href=\"https:\/\/cechzdunskawola.pl\/?page_id=156\"><span style=\"color: #008000;\"><strong><span style=\"color: #008000;\">Dekarz<\/span><\/strong><\/span><\/a><\/div>\n<div><a href=\"https:\/\/cechzdunskawola.pl\/?page_id=163\"><span style=\"color: #008000;\"><strong>Monter zabudowy i rob\u00f3t wyko\u0144czeniowych w budownictwie<\/strong><\/span><\/a><\/div>\n<div><a href=\"https:\/\/cechzdunskawola.pl\/?page_id=1070\"><span style=\"color: #008000;\"><strong><span style=\"color: #008000;\">Monter sieci i instalacji sanitarnych<\/span><\/strong><\/span><\/a><br \/>\n<a href=\"https:\/\/cechzdunskawola.pl\/?page_id=167\"><span style=\"color: #008000;\"><strong><span style=\"color: #008000;\">Fryzjer<\/span><\/strong><\/span><\/a><\/div>\n","protected":false},"excerpt":{"rendered":"<p>\u015alusarz Elektromechanik\u00a0pojazd\u00f3w samochodowych Mechanik pojazd\u00f3w samochodowych Blacharz\u00a0samochodowy Lakiernik samochodowy Elektromechanik\u00a0 (AGD) Tapicer Stolarz Krawiec Piekarz Cukiernik Kucharz Przetw\u00f3rca mi\u0119sa Elektryk Murarz tynkarz Dekarz Monter zabudowy i rob\u00f3t wyko\u0144czeniowych w budownictwie Monter sieci i instalacji sanitarnych Fryzjer<\/p>\n","protected":false},"author":1,"featured_media":0,"parent":0,"menu_order":6,"comment_status":"closed","ping_status":"closed","template":"","meta":{"pgc_sgb_lightbox_settings":"","footnotes":""},"_links":{"self":[{"href":"https:\/\/cechzdunskawola.pl\/index.php?rest_route=\/wp\/v2\/pages\/2"}],"collection":[{"href":"https:\/\/cechzdunskawola.pl\/index.php?rest_route=\/wp\/v2\/pages"}],"about":[{"href":"https:\/\/cechzdunskawola.pl\/index.php?rest_route=\/wp\/v2\/types\/page"}],"author":[{"embeddable":true,"href":"https:\/\/cechzdunskawola.pl\/index.php?rest_route=\/wp\/v2\/users\/1"}],"replies":[{"embeddable":true,"href":"https:\/\/cechzdunskawola.pl\/index.php?rest_route=%2Fwp%2Fv2%2Fcomments&post=2"}],"version-history":[{"count":28,"href":"https:\/\/cechzdunskawola.pl\/index.php?rest_route=\/wp\/v2\/pages\/2\/revisions"}],"predecessor-version":[{"id":2456,"href":"https:\/\/cechzdunskawola.pl\/index.php?rest_route=\/wp\/v2\/pages\/2\/revisions\/2456"}],"wp:attachment":[{"href":"https:\/\/cechzdunskawola.pl\/index.php?rest_route=%2Fwp%2Fv2%2Fmedia&parent=2"}],"curies":[{"name":"wp","href":"https:\/\/api.w.org\/{rel}","templated":true}]}}