{"id":163,"date":"2013-01-03T10:09:57","date_gmt":"2013-01-03T09:09:57","guid":{"rendered":"https:\/\/cechzdunskawola.pl\/?page_id=163"},"modified":"2025-12-11T09:52:20","modified_gmt":"2025-12-11T08:52:20","slug":"instalatorstwo-sanitarne","status":"publish","type":"page","link":"https:\/\/cechzdunskawola.pl\/?page_id=163","title":{"rendered":"Monter zabudowy i rob\u00f3t wyko\u0144czeniowych w budownictwie"},"content":{"rendered":"<address><strong>FIRMA REMONTOWO-BUDOWLANA &#8222;SOBIERADEK&#8221;<br \/>\n<\/strong><\/address>\n<address><strong>Ireneusz Grzanka<br \/>\n<\/strong><\/address>\n<address>Pstrokonie 85 c<\/address>\n<address>98-161 Zapolice<\/address>\n<address>tel. 512-074-402<\/address>\n<address>\u00a0<\/address>\n<address>\n<address><strong>&#8222;ARCHIBUD&#8221;<br \/>\n<\/strong><\/address>\n<address><strong>\u0141ukasz Pilc<br \/>\n<\/strong><\/address>\n<address>ul. Kr\u00f3lewska 19<\/address>\n<address>98-220 Zdu\u0144ska Wola<\/address>\n<address>tel. 667-777-277<\/address>\n<\/address>\n<address>\u00a0<\/address>\n<address>\n<address><strong>INTERIORMAESTRO SP. Z O.O.<br \/>\n<\/strong><\/address>\n<address>Ligota 51 A<\/address>\n<address>98-260 Burzenin<\/address>\n<address>tel. 505-595-050<\/address>\n<\/address>\n<address>\u00a0<\/address>\n","protected":false},"excerpt":{"rendered":"<p>FIRMA REMONTOWO-BUDOWLANA &#8222;SOBIERADEK&#8221; Ireneusz Grzanka Pstrokonie 85 c 98-161 Zapolice tel. 512-074-402 \u00a0 &#8222;ARCHIBUD&#8221; \u0141ukasz Pilc ul. Kr\u00f3lewska 19 98-220 Zdu\u0144ska Wola tel. 667-777-277 \u00a0 INTERIORMAESTRO SP. Z O.O. Ligota 51 A 98-260 Burzenin tel. 505-595-050 \u00a0<\/p>\n","protected":false},"author":1,"featured_media":0,"parent":2,"menu_order":14,"comment_status":"closed","ping_status":"closed","template":"","meta":{"pgc_sgb_lightbox_settings":"","footnotes":""},"_links":{"self":[{"href":"https:\/\/cechzdunskawola.pl\/index.php?rest_route=\/wp\/v2\/pages\/163"}],"collection":[{"href":"https:\/\/cechzdunskawola.pl\/index.php?rest_route=\/wp\/v2\/pages"}],"about":[{"href":"https:\/\/cechzdunskawola.pl\/index.php?rest_route=\/wp\/v2\/types\/page"}],"author":[{"embeddable":true,"href":"https:\/\/cechzdunskawola.pl\/index.php?rest_route=\/wp\/v2\/users\/1"}],"replies":[{"embeddable":true,"href":"https:\/\/cechzdunskawola.pl\/index.php?rest_route=%2Fwp%2Fv2%2Fcomments&post=163"}],"version-history":[{"count":18,"href":"https:\/\/cechzdunskawola.pl\/index.php?rest_route=\/wp\/v2\/pages\/163\/revisions"}],"predecessor-version":[{"id":2712,"href":"https:\/\/cechzdunskawola.pl\/index.php?rest_route=\/wp\/v2\/pages\/163\/revisions\/2712"}],"up":[{"embeddable":true,"href":"https:\/\/cechzdunskawola.pl\/index.php?rest_route=\/wp\/v2\/pages\/2"}],"wp:attachment":[{"href":"https:\/\/cechzdunskawola.pl\/index.php?rest_route=%2Fwp%2Fv2%2Fmedia&parent=163"}],"curies":[{"name":"wp","href":"https:\/\/api.w.org\/{rel}","templated":true}]}}