{"id":1429,"date":"2022-11-15T10:15:26","date_gmt":"2022-11-15T09:15:26","guid":{"rendered":"https:\/\/cechzdunskawola.pl\/?page_id=1429"},"modified":"2022-11-15T10:23:17","modified_gmt":"2022-11-15T09:23:17","slug":"dotacje","status":"publish","type":"page","link":"https:\/\/cechzdunskawola.pl\/?page_id=1429","title":{"rendered":"DOTACJE"},"content":{"rendered":"\n<figure class=\"wp-block-gallery columns-1 is-cropped wp-block-gallery-1 is-layout-flex wp-block-gallery-is-layout-flex\"><ul class=\"blocks-gallery-grid\"><li class=\"blocks-gallery-item\"><figure><img loading=\"lazy\" decoding=\"async\" width=\"1000\" height=\"438\" src=\"https:\/\/cechzdunskawola.pl\/wp-content\/uploads\/2022\/11\/LOGO-NIW-na-stron\u0119.png\" alt=\"\" data-id=\"1430\" data-full-url=\"https:\/\/cechzdunskawola.pl\/wp-content\/uploads\/2022\/11\/LOGO-NIW-na-stron\u0119.png\" data-link=\"https:\/\/cechzdunskawola.pl\/?attachment_id=1430\" class=\"wp-image-1430\" srcset=\"https:\/\/cechzdunskawola.pl\/wp-content\/uploads\/2022\/11\/LOGO-NIW-na-stron\u0119.png 1000w, https:\/\/cechzdunskawola.pl\/wp-content\/uploads\/2022\/11\/LOGO-NIW-na-stron\u0119-300x131.png 300w, https:\/\/cechzdunskawola.pl\/wp-content\/uploads\/2022\/11\/LOGO-NIW-na-stron\u0119-768x336.png 768w\" sizes=\"(max-width: 1000px) 100vw, 1000px\" \/><\/figure><\/li><\/ul><figcaption class=\"blocks-gallery-caption\"><br><strong>W ramach programu<\/strong><br><strong>otrzymali\u015bmy dofinansowanie<\/strong><br><br><br>na lata 2022-2023<br><strong>39.065,00 PLN<\/strong><br><br>na realizacj\u0119 zadania publicznego pod tytu\u0142em:<br><br><strong>&#8222;Rozw\u00f3j potencja\u0142u organizacyjnego Cechu Rzemios\u0142 R\u00f3\u017cnych w Zdu\u0144skiej Woli&#8221;<\/strong><br><br><br><br><br>na lata 2022-2023<br><strong>81.500,00 PLN<\/strong><br><br>na realizacj\u0119 zadania publicznego pod tytu\u0142em:<br><br><strong>&#8222;Rozw\u00f3j i promocja kszta\u0142cenia dualnego w rzemio\u015ble&#8221;<\/strong><br><br><\/figcaption><\/figure>\n","protected":false},"excerpt":{"rendered":"","protected":false},"author":1,"featured_media":0,"parent":0,"menu_order":10,"comment_status":"closed","ping_status":"closed","template":"","meta":{"pgc_sgb_lightbox_settings":"","footnotes":""},"_links":{"self":[{"href":"https:\/\/cechzdunskawola.pl\/index.php?rest_route=\/wp\/v2\/pages\/1429"}],"collection":[{"href":"https:\/\/cechzdunskawola.pl\/index.php?rest_route=\/wp\/v2\/pages"}],"about":[{"href":"https:\/\/cechzdunskawola.pl\/index.php?rest_route=\/wp\/v2\/types\/page"}],"author":[{"embeddable":true,"href":"https:\/\/cechzdunskawola.pl\/index.php?rest_route=\/wp\/v2\/users\/1"}],"replies":[{"embeddable":true,"href":"https:\/\/cechzdunskawola.pl\/index.php?rest_route=%2Fwp%2Fv2%2Fcomments&post=1429"}],"version-history":[{"count":4,"href":"https:\/\/cechzdunskawola.pl\/index.php?rest_route=\/wp\/v2\/pages\/1429\/revisions"}],"predecessor-version":[{"id":1439,"href":"https:\/\/cechzdunskawola.pl\/index.php?rest_route=\/wp\/v2\/pages\/1429\/revisions\/1439"}],"wp:attachment":[{"href":"https:\/\/cechzdunskawola.pl\/index.php?rest_route=%2Fwp%2Fv2%2Fmedia&parent=1429"}],"curies":[{"name":"wp","href":"https:\/\/api.w.org\/{rel}","templated":true}]}}