{"id":141,"date":"2013-01-03T10:00:08","date_gmt":"2013-01-03T09:00:08","guid":{"rendered":"https:\/\/cechzdunskawola.pl\/?page_id=141"},"modified":"2025-12-11T09:35:52","modified_gmt":"2025-12-11T08:35:52","slug":"rzeznik-wedliniarz","status":"publish","type":"page","link":"https:\/\/cechzdunskawola.pl\/?page_id=141","title":{"rendered":"Kucharz"},"content":{"rendered":"<address>\n<address><strong>&#8222;BIESIADA&#8221;<\/strong><\/address>\n<address><strong>Agnieszka Klem\u017cy\u0144ska<\/strong><\/address>\n<address>ul. \u0141aska 104<\/address>\n<address>98-220 Zdu\u0144ska Wola<\/address>\n<address>tel. (43) 825-31-11<\/address>\n<\/address>\n<address>\u00a0<\/address>\n<address>\n<address><strong>&#8222;FIRMA US\u0141UGOWA &#8222;MIR&#8221; S.C.<\/strong><\/address>\n<address><strong>HOTEL &#8222;POD S\u0141O\u0143CEM&#8221;<\/strong><\/address>\n<address><strong>Marta Licha<\/strong><\/address>\n<address>ul. \u0141aska 215\/217<\/address>\n<address>98-220 Zdu\u0144ska Wola<\/address>\n<address>tel. 508-173-65-88<\/address>\n<\/address>\n<address>\u00a0<\/address>\n<address>\n<address><strong>Sala Bankierowa KOKTAJLOWA<\/strong><\/address>\n<address><strong>Marcin Krakowiak<\/strong><\/address>\n<address>\u017beromskiego 18<\/address>\n<address>98-220 Zdu\u0144ska Wola<\/address>\n<address>tel. 533-559-284<\/address>\n<\/address>\n<address>\u00a0<\/address>\n<address><strong>PPUH &#8222;STAR &#8211; POL&#8221;<\/strong><\/address>\n<address><strong>ZAK\u0141AD GASTRONOMICZNY<\/strong><\/address>\n<address><strong>Andrzej Sinkiewicz<\/strong><\/address>\n<address>Ostr\u00f3wek 16<\/address>\n<address>98-220 Zdu\u0144ska Wola<\/address>\n<address>tel. (43) 823-91-11<\/address>\n","protected":false},"excerpt":{"rendered":"<p>&#8222;BIESIADA&#8221; Agnieszka Klem\u017cy\u0144ska ul. \u0141aska 104 98-220 Zdu\u0144ska Wola tel. (43) 825-31-11 \u00a0 &#8222;FIRMA US\u0141UGOWA &#8222;MIR&#8221; S.C. HOTEL &#8222;POD S\u0141O\u0143CEM&#8221; Marta Licha ul. \u0141aska 215\/217 98-220 Zdu\u0144ska Wola tel. 508-173-65-88 \u00a0 Sala Bankierowa KOKTAJLOWA Marcin Krakowiak \u017beromskiego 18 98-220 Zdu\u0144ska Wola tel. 533-559-284 \u00a0 PPUH &#8222;STAR &#8211; POL&#8221; ZAK\u0141AD GASTRONOMICZNY Andrzej Sinkiewicz Ostr\u00f3wek 16 98-220 [&hellip;]<\/p>\n","protected":false},"author":1,"featured_media":0,"parent":2,"menu_order":8,"comment_status":"closed","ping_status":"closed","template":"","meta":{"pgc_sgb_lightbox_settings":"","footnotes":""},"_links":{"self":[{"href":"https:\/\/cechzdunskawola.pl\/index.php?rest_route=\/wp\/v2\/pages\/141"}],"collection":[{"href":"https:\/\/cechzdunskawola.pl\/index.php?rest_route=\/wp\/v2\/pages"}],"about":[{"href":"https:\/\/cechzdunskawola.pl\/index.php?rest_route=\/wp\/v2\/types\/page"}],"author":[{"embeddable":true,"href":"https:\/\/cechzdunskawola.pl\/index.php?rest_route=\/wp\/v2\/users\/1"}],"replies":[{"embeddable":true,"href":"https:\/\/cechzdunskawola.pl\/index.php?rest_route=%2Fwp%2Fv2%2Fcomments&post=141"}],"version-history":[{"count":11,"href":"https:\/\/cechzdunskawola.pl\/index.php?rest_route=\/wp\/v2\/pages\/141\/revisions"}],"predecessor-version":[{"id":2704,"href":"https:\/\/cechzdunskawola.pl\/index.php?rest_route=\/wp\/v2\/pages\/141\/revisions\/2704"}],"up":[{"embeddable":true,"href":"https:\/\/cechzdunskawola.pl\/index.php?rest_route=\/wp\/v2\/pages\/2"}],"wp:attachment":[{"href":"https:\/\/cechzdunskawola.pl\/index.php?rest_route=%2Fwp%2Fv2%2Fmedia&parent=141"}],"curies":[{"name":"wp","href":"https:\/\/api.w.org\/{rel}","templated":true}]}}