{"id":1366,"date":"2021-03-30T11:09:31","date_gmt":"2021-03-30T09:09:31","guid":{"rendered":"https:\/\/cechzdunskawola.pl\/?page_id=1366"},"modified":"2021-03-30T11:20:51","modified_gmt":"2021-03-30T09:20:51","slug":"przetworca-miesa","status":"publish","type":"page","link":"https:\/\/cechzdunskawola.pl\/?page_id=1366","title":{"rendered":"Przetw\u00f3rca mi\u0119sa"},"content":{"rendered":"\n<p><strong>ZAK\u0141AD PRODUKCYJNO HANDLOWY &#8211; MASARNIA ZAPOLICE<\/strong><\/p>\n\n\n\n<p><strong>WAWRZYNIAKOWIE SP\u00d3\u0141KA JAWNA<\/strong><\/p>\n\n\n\n<p>ul. Sp\u00f3\u0142dzielcza 1<\/p>\n\n\n\n<p>98-161 Zapolice<\/p>\n\n\n\n<p>tel. 605-255-460<\/p>\n","protected":false},"excerpt":{"rendered":"<p>ZAK\u0141AD PRODUKCYJNO HANDLOWY &#8211; MASARNIA ZAPOLICE WAWRZYNIAKOWIE SP\u00d3\u0141KA JAWNA ul. Sp\u00f3\u0142dzielcza 1 98-161 Zapolice tel. 605-255-460<\/p>\n","protected":false},"author":1,"featured_media":0,"parent":2,"menu_order":9,"comment_status":"closed","ping_status":"closed","template":"","meta":{"pgc_sgb_lightbox_settings":"","footnotes":""},"_links":{"self":[{"href":"https:\/\/cechzdunskawola.pl\/index.php?rest_route=\/wp\/v2\/pages\/1366"}],"collection":[{"href":"https:\/\/cechzdunskawola.pl\/index.php?rest_route=\/wp\/v2\/pages"}],"about":[{"href":"https:\/\/cechzdunskawola.pl\/index.php?rest_route=\/wp\/v2\/types\/page"}],"author":[{"embeddable":true,"href":"https:\/\/cechzdunskawola.pl\/index.php?rest_route=\/wp\/v2\/users\/1"}],"replies":[{"embeddable":true,"href":"https:\/\/cechzdunskawola.pl\/index.php?rest_route=%2Fwp%2Fv2%2Fcomments&post=1366"}],"version-history":[{"count":2,"href":"https:\/\/cechzdunskawola.pl\/index.php?rest_route=\/wp\/v2\/pages\/1366\/revisions"}],"predecessor-version":[{"id":1369,"href":"https:\/\/cechzdunskawola.pl\/index.php?rest_route=\/wp\/v2\/pages\/1366\/revisions\/1369"}],"up":[{"embeddable":true,"href":"https:\/\/cechzdunskawola.pl\/index.php?rest_route=\/wp\/v2\/pages\/2"}],"wp:attachment":[{"href":"https:\/\/cechzdunskawola.pl\/index.php?rest_route=%2Fwp%2Fv2%2Fmedia&parent=1366"}],"curies":[{"name":"wp","href":"https:\/\/api.w.org\/{rel}","templated":true}]}}