{"id":1291,"date":"2020-06-10T12:59:19","date_gmt":"2020-06-10T10:59:19","guid":{"rendered":"https:\/\/cechzdunskawola.pl\/?page_id=1291"},"modified":"2020-06-15T09:27:49","modified_gmt":"2020-06-15T07:27:49","slug":"egzaminy","status":"publish","type":"page","link":"https:\/\/cechzdunskawola.pl\/?page_id=1291","title":{"rendered":"EGZAMINY ZAWODOWE"},"content":{"rendered":"\n<p class=\"has-background has-very-light-gray-background-color\">EGZAMIN CZELADNICZY<\/p>\n\n\n\n<p><strong>Do egzaminu czeladniczego izba rzemie\u015blnicza dopuszcza osob\u0119, kt\u00f3ra spe\u0142nia jeden z nast\u0119puj\u0105cych warunk\u00f3w:<\/strong><\/p>\n\n\n\n<ol><li>uko\u0144czy\u0142a nauk\u0119 zawodu u rzemie\u015blnika jako m\u0142odociany pracownik oraz dokszta\u0142canie teoretyczne m\u0142odocianych pracownik\u00f3w w szkole lub w formach pozaszkolnych;<\/li><li>posiada \u015bwiadectwo uko\u0144czenia gimnazjum albo o\u015bmioletniej szko\u0142y podstawowej oraz uko\u0144czy\u0142a kszta\u0142cenie ustawiczne w formie pozaszkolnej, dotycz\u0105ce umiej\u0119tno\u015bci zawodowych wchodz\u0105cych w zakres zawodu, w kt\u00f3rym zdaje egzamin;<\/li><li>jest uczestnikiem praktycznej nauki zawodu doros\u0142ych, o kt\u00f3rej mowa w art. 53c ustawy z dnia 20 kwietnia 2004 r. o promocji zatrudnienia i instytucjach rynku pracy;<\/li><li>posiada \u015bwiadectwo uko\u0144czenia gimnazjum albo o\u015bmioletniej szko\u0142y podstawowej i co najmniej trzyletni okres wykonywania zawodu, w kt\u00f3rym zdaje egzamin;<\/li><li>posiada \u015bwiadectwo uko\u0144czenia szko\u0142y ponadgimnazjalnej albo dotychczasowej szko\u0142y ponadpodstawowej, prowadz\u0105cej kszta\u0142cenie zawodowe o kierunku zwi\u0105zanym z zawodem, w kt\u00f3rym zdaje egzamin;<\/li><li>posiada tytu\u0142 zawodowy w zawodzie wchodz\u0105cym w zakres zawodu, w kt\u00f3rym zdaje egzamin, oraz co najmniej p\u00f3\u0142roczny okres wykonywania zawodu, w kt\u00f3rym zdaje egzamin;<\/li><li>posiada \u015bwiadectwo uko\u0144czenia gimnazjum albo o\u015bmioletniej szko\u0142y podstawowej oraz za\u015bwiadczenie o zdaniu egzaminu sprawdzaj\u0105cego lub \u015bwiadectwo potwierdzaj\u0105ce kwalifikacj\u0119 w zawodzie, a tak\u017ce co najmniej roczny okres wykonywania zawodu, w kt\u00f3rym zdaje egzamin, po uzyskaniu za\u015bwiadczenia o zdaniu egzaminu sprawdzaj\u0105cego lub \u015bwiadectwa potwierdzaj\u0105cego kwalifikacj\u0119 w zawodzie.<\/li><\/ol>\n\n\n\n<p><strong><br>Wymagane dokumenty do egzaminu czeladniczego &#8211; m\u0142odociani pracownicy<\/strong><\/p>\n\n\n\n<ol><li>Wniosek o dopuszczenie do egzaminu czeladniczego<\/li><li>Fotografia (aktualna, czytelnie podpisana, format legitymacyjny).<\/li><li>\u015awiadectwo uko\u0144czenia zasadniczej szko\u0142y zawodowej, lub uko\u0144czenia gimnazjum albo o\u015bmioletniej szko\u0142y podstawowej i za\u015bwiadczenie o uko\u0144czeniu kursu przygotowuj\u0105cego do egzaminu lub o\u015bwiadczenie mistrza szkol\u0105cego o przygotowaniu teoretycznym kandydata do egzaminu.<\/li><li>Umowa o prac\u0119 w celu przygotowania zawodowego<\/li><li>Za\u015bwiadczenie uko\u0144czenia nauki zawodu wystawione przez pracodawc\u0119 i potwierdzone przez cech (druk z Cechu)<img decoding=\"async\" class=\"wp-image-1300\" style=\"width: NaNpx;\" src=\"https:\/\/cechzdunskawola.pl\/wp-content\/uploads\/2020\/06\/Za\u015bwiadczenie-pracodawcy-do-egzaminu-czeladniczego.pdf\" alt=\"\"><\/li><li>W przypadku zaliczenia nauki zawodu u kilku pracodawc\u00f3w nale\u017cy do\u0142\u0105czy\u0107 wszystkie umowy o prac\u0119 wraz z \u015bwiadectwami pracy, a w przypadku zaliczenia nauki w szkole \u2013 za\u015bwiadczenie o okresie nauki zawodu.<\/li><li>Orygina\u0142 dowodu op\u0142aty egzaminacyjnej z podaniem imienia i nazwiska zdaj\u0105cego, dokonanej wy\u0142\u0105cznie na ni\u017cej podany rachunek bankowy: <strong>31 8784 0003 0005 0010 0004 0401<\/strong> &#8211; <strong>Izba Rzemie\u015blnicza w \u0141odzi<\/strong>   ul. Brzozowa 3, 93-101 \u0141\u00f3d\u017a<\/li><\/ol>\n\n\n\n<p><strong>Koszty egzaminu w pierwszym wyznaczonym terminie pokrywa pracodawca.<\/strong><\/p>\n\n\n\n<p>Uwaga!<\/p>\n\n\n\n<p>Laureaci sze\u015bciu pierwszych miejsc olimpiad i turniej\u00f3w o zasi\u0119gu og\u00f3lnopolskim, obejmuj\u0105cych problematyk\u0119 danego zawodu, organizowanych zgodnie z przepisami wydanymi na podstawie art. 22 ust. 2 pkt 8 ustawy z dnia 7 wrze\u015bnia 1991 r. o systemie o\u015bwiaty, a tak\u017ce konkurs\u00f3w zawodowych organizowanych przez stowarzyszenia zawodowe, samorz\u0105dy gospodarcze i inne organizacje gospodarcze mog\u0105 by\u0107 zwolnieni ze zdawania jednego z etap\u00f3w egzaminu czeladniczego. Je\u017celi zakres olimpiady, turnieju lub konkursu zawodowego obejmuje niekt\u00f3re tematy etapu teoretycznego lub zadania egzaminacyjne etapu praktycznego egzaminu czeladniczego, zwolnienie dotyczy wy\u0142\u0105cznie tych temat\u00f3w lub zada\u0144 egzaminacyjnych, kt\u00f3re by\u0142y przedmiotem olimpiady, turnieju lub konkursu zawodowego.<\/p>\n\n\n\n<p>Osoby zainteresowane w\/w zwolnieniem zobowi\u0105zane s\u0105 w dniu sk\u0142adania kompletu dokument\u00f3w do egzaminu czeladniczego do\u0142\u0105czy\u0107 dyplom b\u0105d\u017a za\u015bwiadczenie potwierdzaj\u0105ce zaj\u0119cie miejsc od 1 do 6 w wybranym konkursie, olimpiadzie lub turnieju.<\/p>\n\n\n\n<p><strong>Wymagane dokumenty do egzaminu czeladniczego &#8211;<\/strong> <strong>Kandydaci z wolnego naboru:<\/strong><\/p>\n\n\n\n<ol><li>Dokument(y) potwierdzaj\u0105cy(e) wymagany okres wykonywania zawodu.<\/li><li>\u015awiadectwo uko\u0144czenia szko\u0142y.<\/li><li>Za\u015bwiadczenie uko\u0144czenia przygotowania zawodowego doros\u0142ych<\/li><li>Tytu\u0142 zawodowy w zawodzie wchodz\u0105cym w zakres zawodu, w kt\u00f3rym osoba zdaje egzamin.<\/li><li>\u015awiadectwo uzyskania co najmniej 1 kwalifikacji w zawodzie, w kt\u00f3rym osoba zdaje egzamin lub za\u015bwiadczenie zdania egzaminu sprawdzaj\u0105cego po uko\u0144czeniu przygotowania&nbsp; zawodowego doros\u0142ych.<\/li><li>Za\u015bwiadczenie o przynale\u017cno\u015bci kandydata lub pracodawcy kandydata do cechu (dokument nie jest wymagany od w\u0142a\u015bcicieli zak\u0142ad\u00f3w niezrzeszonych).<\/li><\/ol>\n","protected":false},"excerpt":{"rendered":"<p>EGZAMIN CZELADNICZY Do egzaminu czeladniczego izba rzemie\u015blnicza dopuszcza osob\u0119, kt\u00f3ra spe\u0142nia jeden z nast\u0119puj\u0105cych warunk\u00f3w: uko\u0144czy\u0142a nauk\u0119 zawodu u rzemie\u015blnika jako m\u0142odociany pracownik oraz dokszta\u0142canie teoretyczne m\u0142odocianych pracownik\u00f3w w szkole lub w formach pozaszkolnych; posiada \u015bwiadectwo uko\u0144czenia gimnazjum albo o\u015bmioletniej szko\u0142y podstawowej oraz uko\u0144czy\u0142a kszta\u0142cenie ustawiczne w formie pozaszkolnej, dotycz\u0105ce umiej\u0119tno\u015bci zawodowych wchodz\u0105cych w zakres [&hellip;]<\/p>\n","protected":false},"author":1,"featured_media":0,"parent":0,"menu_order":5,"comment_status":"closed","ping_status":"closed","template":"","meta":{"pgc_sgb_lightbox_settings":"","footnotes":""},"_links":{"self":[{"href":"https:\/\/cechzdunskawola.pl\/index.php?rest_route=\/wp\/v2\/pages\/1291"}],"collection":[{"href":"https:\/\/cechzdunskawola.pl\/index.php?rest_route=\/wp\/v2\/pages"}],"about":[{"href":"https:\/\/cechzdunskawola.pl\/index.php?rest_route=\/wp\/v2\/types\/page"}],"author":[{"embeddable":true,"href":"https:\/\/cechzdunskawola.pl\/index.php?rest_route=\/wp\/v2\/users\/1"}],"replies":[{"embeddable":true,"href":"https:\/\/cechzdunskawola.pl\/index.php?rest_route=%2Fwp%2Fv2%2Fcomments&post=1291"}],"version-history":[{"count":7,"href":"https:\/\/cechzdunskawola.pl\/index.php?rest_route=\/wp\/v2\/pages\/1291\/revisions"}],"predecessor-version":[{"id":1301,"href":"https:\/\/cechzdunskawola.pl\/index.php?rest_route=\/wp\/v2\/pages\/1291\/revisions\/1301"}],"wp:attachment":[{"href":"https:\/\/cechzdunskawola.pl\/index.php?rest_route=%2Fwp%2Fv2%2Fmedia&parent=1291"}],"curies":[{"name":"wp","href":"https:\/\/api.w.org\/{rel}","templated":true}]}}