{"id":129,"date":"2013-01-03T09:20:49","date_gmt":"2013-01-03T08:20:49","guid":{"rendered":"https:\/\/cechzdunskawola.pl\/?page_id=129"},"modified":"2023-07-31T12:17:15","modified_gmt":"2023-07-31T10:17:15","slug":"piekarstwo","status":"publish","type":"page","link":"https:\/\/cechzdunskawola.pl\/?page_id=129","title":{"rendered":"Piekarz"},"content":{"rendered":"<address>\n<address><strong>P.P.H.U. &#8222;POCHLEBNA&#8221; S\u0142awomir Bzowski, Mariusz Sieracki s.c.<\/strong><\/address>\n<address>ul. Sieradzka 47<\/address>\n<address>98-220 Zdu\u0144ska Wola<\/address>\n<address>tel. 791-985-667<\/address>\n<\/address>\n<address>\u00a0<\/address>\n<address><strong>&#8222;Grejdi&#8221; &#8211; Dymi\u0144scy Sp.J.<\/strong><\/address>\n<address>ul. Spacerowa 89<\/address>\n<address>98-220 Zdu\u0144ska Wola<\/address>\n<address>tel. (43) 823-22-49<\/address>\n<address><a href=\"http:\/\/www.grejdi.zd-wola.pl\" target=\"_blank\" rel=\"noopener\">www.grejdi.zd-wola.pl<\/a><\/address>\n<address>\u00a0<\/address>\n<address>\n<address>\u00a0<\/address>\n<address><strong>PIEKARNIA &#8222;STEFA\u0143SKI&#8221;<\/strong><\/address>\n<\/address>\n<address><strong>Ma\u0142gorzata Stefa\u0144ska &#8211; Koczur<\/strong><\/address>\n<address>ul. Stawowa 2<\/address>\n<address>98-220 Zdu\u0144ska Wola<\/address>\n<address>tel. (43) 823-65-55<\/address>\n<address>\u00a0\u00a0<\/address>\n<address>\u00a0<\/address>\n","protected":false},"excerpt":{"rendered":"<p>P.P.H.U. &#8222;POCHLEBNA&#8221; S\u0142awomir Bzowski, Mariusz Sieracki s.c. ul. Sieradzka 47 98-220 Zdu\u0144ska Wola tel. 791-985-667 \u00a0 &#8222;Grejdi&#8221; &#8211; Dymi\u0144scy Sp.J. ul. Spacerowa 89 98-220 Zdu\u0144ska Wola tel. (43) 823-22-49 www.grejdi.zd-wola.pl \u00a0 \u00a0 PIEKARNIA &#8222;STEFA\u0143SKI&#8221; Ma\u0142gorzata Stefa\u0144ska &#8211; Koczur ul. Stawowa 2 98-220 Zdu\u0144ska Wola tel. (43) 823-65-55 \u00a0\u00a0 \u00a0<\/p>\n","protected":false},"author":1,"featured_media":0,"parent":2,"menu_order":6,"comment_status":"closed","ping_status":"closed","template":"","meta":{"pgc_sgb_lightbox_settings":"","footnotes":""},"_links":{"self":[{"href":"https:\/\/cechzdunskawola.pl\/index.php?rest_route=\/wp\/v2\/pages\/129"}],"collection":[{"href":"https:\/\/cechzdunskawola.pl\/index.php?rest_route=\/wp\/v2\/pages"}],"about":[{"href":"https:\/\/cechzdunskawola.pl\/index.php?rest_route=\/wp\/v2\/types\/page"}],"author":[{"embeddable":true,"href":"https:\/\/cechzdunskawola.pl\/index.php?rest_route=\/wp\/v2\/users\/1"}],"replies":[{"embeddable":true,"href":"https:\/\/cechzdunskawola.pl\/index.php?rest_route=%2Fwp%2Fv2%2Fcomments&post=129"}],"version-history":[{"count":18,"href":"https:\/\/cechzdunskawola.pl\/index.php?rest_route=\/wp\/v2\/pages\/129\/revisions"}],"predecessor-version":[{"id":2455,"href":"https:\/\/cechzdunskawola.pl\/index.php?rest_route=\/wp\/v2\/pages\/129\/revisions\/2455"}],"up":[{"embeddable":true,"href":"https:\/\/cechzdunskawola.pl\/index.php?rest_route=\/wp\/v2\/pages\/2"}],"wp:attachment":[{"href":"https:\/\/cechzdunskawola.pl\/index.php?rest_route=%2Fwp%2Fv2%2Fmedia&parent=129"}],"curies":[{"name":"wp","href":"https:\/\/api.w.org\/{rel}","templated":true}]}}