{"id":115,"date":"2013-01-03T09:12:05","date_gmt":"2013-01-03T08:12:05","guid":{"rendered":"https:\/\/cechzdunskawola.pl\/?page_id=115"},"modified":"2024-11-14T12:11:50","modified_gmt":"2024-11-14T11:11:50","slug":"blacharstwo-pojazdowe","status":"publish","type":"page","link":"https:\/\/cechzdunskawola.pl\/?page_id=115","title":{"rendered":"Blacharz samochodowy oraz Lakiernik samochodowy"},"content":{"rendered":"<address><strong>PHU &#8222;AUTO-MAX&#8221;<\/strong><\/address>\n<address><strong>Robert Heblewski<\/strong><\/address>\n<address>Czechy 250 A<\/address>\n<address>98-220 Zdu\u0144ska Wola<\/address>\n<address>tel. (43) 823-60-42<\/address>\n<address>\u00a0<\/address>\n<address><strong>BLACHARSTWO-MECHANIKA I LAKIERNICTWO POJAZDOWE<\/strong><\/address>\n<address><strong>Miros\u0142aw Ko\u017cusznik<\/strong><\/address>\n<address>ul. Z\u0142ota 1 A<\/address>\n<address>98-220 Zdu\u0144ska Wola<\/address>\n<address>tel. (43) 823-20-87<\/address>\n<address>\u00a0<\/address>\n<address><strong>LAKIERNICTWO I BLACHARSTWO SAMOCHODOWE<\/strong><\/address>\n<address><strong> Jan Pokora<\/strong><\/address>\n<address>Paprotnia 85<\/address>\n<address>98-161 Zapolice<\/address>\n<address>tel. (43) 823-86-76<\/address>\n<address>\u00a0<\/address>\n<address>\u00a0<\/address>\n<address>\u00a0<\/address>\n","protected":false},"excerpt":{"rendered":"<p>PHU &#8222;AUTO-MAX&#8221; Robert Heblewski Czechy 250 A 98-220 Zdu\u0144ska Wola tel. (43) 823-60-42 \u00a0 BLACHARSTWO-MECHANIKA I LAKIERNICTWO POJAZDOWE Miros\u0142aw Ko\u017cusznik ul. Z\u0142ota 1 A 98-220 Zdu\u0144ska Wola tel. (43) 823-20-87 \u00a0 LAKIERNICTWO I BLACHARSTWO SAMOCHODOWE Jan Pokora Paprotnia 85 98-161 Zapolice tel. (43) 823-86-76 \u00a0 \u00a0 \u00a0<\/p>\n","protected":false},"author":1,"featured_media":0,"parent":2,"menu_order":3,"comment_status":"closed","ping_status":"closed","template":"","meta":{"pgc_sgb_lightbox_settings":"","footnotes":""},"_links":{"self":[{"href":"https:\/\/cechzdunskawola.pl\/index.php?rest_route=\/wp\/v2\/pages\/115"}],"collection":[{"href":"https:\/\/cechzdunskawola.pl\/index.php?rest_route=\/wp\/v2\/pages"}],"about":[{"href":"https:\/\/cechzdunskawola.pl\/index.php?rest_route=\/wp\/v2\/types\/page"}],"author":[{"embeddable":true,"href":"https:\/\/cechzdunskawola.pl\/index.php?rest_route=\/wp\/v2\/users\/1"}],"replies":[{"embeddable":true,"href":"https:\/\/cechzdunskawola.pl\/index.php?rest_route=%2Fwp%2Fv2%2Fcomments&post=115"}],"version-history":[{"count":17,"href":"https:\/\/cechzdunskawola.pl\/index.php?rest_route=\/wp\/v2\/pages\/115\/revisions"}],"predecessor-version":[{"id":1410,"href":"https:\/\/cechzdunskawola.pl\/index.php?rest_route=\/wp\/v2\/pages\/115\/revisions\/1410"}],"up":[{"embeddable":true,"href":"https:\/\/cechzdunskawola.pl\/index.php?rest_route=\/wp\/v2\/pages\/2"}],"wp:attachment":[{"href":"https:\/\/cechzdunskawola.pl\/index.php?rest_route=%2Fwp%2Fv2%2Fmedia&parent=115"}],"curies":[{"name":"wp","href":"https:\/\/api.w.org\/{rel}","templated":true}]}}