{"id":1077,"date":"2020-04-06T13:19:35","date_gmt":"2020-04-06T11:19:35","guid":{"rendered":"https:\/\/cechzdunskawola.pl\/?page_id=1077"},"modified":"2020-06-15T09:35:39","modified_gmt":"2020-06-15T07:35:39","slug":"cech-rzemiosl-roznych-w-zdunskiej-woli-wita","status":"publish","type":"page","link":"https:\/\/cechzdunskawola.pl\/","title":{"rendered":"STRONA G\u0141\u00d3WNA"},"content":{"rendered":"\n<p><\/p>\n\n\n\n<h2 class=\"has-text-align-center wp-block-heading\">CECH RZEMIOS\u0141 R\u00d3\u017bNYCH W ZDU\u0143SKIEJ WOLI WITA !<\/h2>\n\n\n\n<div class=\"wp-block-image\"><figure class=\"aligncenter size-full is-resized\"><img loading=\"lazy\" decoding=\"async\" src=\"https:\/\/cechzdunskawola.pl\/wp-content\/uploads\/2020\/04\/1.jpg\" alt=\"\" class=\"wp-image-1012\" width=\"930\" height=\"300\" srcset=\"https:\/\/cechzdunskawola.pl\/wp-content\/uploads\/2020\/04\/1.jpg 930w, https:\/\/cechzdunskawola.pl\/wp-content\/uploads\/2020\/04\/1-300x97.jpg 300w, https:\/\/cechzdunskawola.pl\/wp-content\/uploads\/2020\/04\/1-768x248.jpg 768w\" sizes=\"(max-width: 930px) 100vw, 930px\" \/><\/figure><\/div>\n\n\n\n<p class=\"has-text-align-left\"><strong>Witryna ta zosta\u0142a utworzona, aby przybli\u017cy\u0107 Pa\u0144stwu nasz\u0105 organizacj\u0119, histori\u0119 Cechu, jego struktur\u0119 a przede wszystkim chcieliby\u015bmy umo\u017cliwi\u0107 Pa\u0144stwu \u0142atwy dost\u0119p do informacji dotycz\u0105cych firm zrzeszonych u nas. Zamie\u015bcili\u015bmy tu pe\u0142ny, bogaty spis firm, b\u0119d\u0105cych cz\u0142onkami Cechu wraz z zakresem \u015bwiadczonych przez nie us\u0142ug. Nasza organizacja zajmuje si\u0119 r\u00f3wnie\u017c nauk\u0105 zawodu dla m\u0142odych os\u00f3b, oraz szkoleniami dla pracodawc\u00f3w i pracownik\u00f3w.<\/strong><\/p>\n\n\n\n<div class=\"wp-block-image\"><figure class=\"aligncenter is-resized\"><a href=\"https:\/\/cechzdunskawola.pl\/wp-content\/uploads\/2012\/12\/budynek.jpg\"><img loading=\"lazy\" decoding=\"async\" src=\"https:\/\/cechzdunskawola.pl\/wp-content\/uploads\/2012\/12\/budynek.jpg\" alt=\"\" class=\"wp-image-91\" width=\"931\" height=\"401\" title=\"budynek\" srcset=\"https:\/\/cechzdunskawola.pl\/wp-content\/uploads\/2012\/12\/budynek.jpg 610w, https:\/\/cechzdunskawola.pl\/wp-content\/uploads\/2012\/12\/budynek-300x128.jpg 300w\" sizes=\"(max-width: 931px) 100vw, 931px\" \/><\/a><\/figure><\/div>\n\n\n\n<h2 class=\"has-text-align-center wp-block-heading\">Aktualno\u015bci<\/h2>\n\n\n<ul class=\"wp-block-latest-posts__list has-dates wp-block-latest-posts\"><li><div class=\"wp-block-latest-posts__featured-image alignright\"><img loading=\"lazy\" decoding=\"async\" width=\"150\" height=\"150\" src=\"https:\/\/cechzdunskawola.pl\/wp-content\/uploads\/2023\/12\/received_1289965328381406-1-150x150.jpeg\" class=\"attachment-thumbnail size-thumbnail wp-post-image\" alt=\"\" style=\"\" \/><\/div><a class=\"wp-block-latest-posts__post-title\" href=\"https:\/\/cechzdunskawola.pl\/?p=2600\">Podsumowanie 2 etapu Konkursu WOR edycja 2023<\/a><time datetime=\"2023-12-05T14:04:44+01:00\" class=\"wp-block-latest-posts__post-date\">5 grudnia 2023<\/time><div class=\"wp-block-latest-posts__post-excerpt\">Dnia 1 grudnia 2023 r. w siedzibie Cech Rzemios\u0142 R\u00f3\u017cnych w Zdu\u0144skiej Woli odby\u0142 si\u0119 II etap konkursu \u201eWiedza o Rzemio\u015ble\u201d. To wyj\u0105tkowe wydarzenie mia\u0142o na celu wy\u0142onienie trzech najlepszych uczni\u00f3w, kt\u00f3rzy w pierwszym etapie wykazali si\u0119 najwi\u0119ksz\u0105 wiedz\u0105 o zawodach rzemie\u015blniczych. Celem konkursu by\u0142o nie tylko uhonorowanie najzdolniejszych uczestnik\u00f3w, ale tak\u017ce promowanie wiedzy o [&hellip;]<\/div><\/li>\n<li><div class=\"wp-block-latest-posts__featured-image alignright\"><img loading=\"lazy\" decoding=\"async\" width=\"150\" height=\"150\" src=\"https:\/\/cechzdunskawola.pl\/wp-content\/uploads\/2023\/11\/received_720221976827727-150x150.jpeg\" class=\"attachment-thumbnail size-thumbnail wp-post-image\" alt=\"\" style=\"\" \/><\/div><a class=\"wp-block-latest-posts__post-title\" href=\"https:\/\/cechzdunskawola.pl\/?p=2476\">Podsumowanie 1 etapu Konkursu WOR edycja 2023<\/a><time datetime=\"2023-11-23T10:15:35+01:00\" class=\"wp-block-latest-posts__post-date\">23 listopada 2023<\/time><div class=\"wp-block-latest-posts__post-excerpt\">W dniach 17 \u2013 22 grudnia br. w czterech szko\u0142ach podstawowych z okolic dzia\u0142ania naszego Cechu odby\u0142 si\u0119 1 etap konkursu \u201eWiedza o Rzemio\u015ble\u201d. Celem konkursu jest promocja wiedzy o zawodach rzemie\u015blniczych, rzemio\u015ble i mo\u017cliwo\u015bciach pracy w danym zawodzie i zach\u0119cenie uczni\u00f3w do wyboru bran\u017cowej szko\u0142y zawodowej. Konkurs zosta\u0142 przeprowadzony z wykorzystaniem dedykowanej platformy edukacyjnej, [&hellip;]<\/div><\/li>\n<li><div class=\"wp-block-latest-posts__featured-image alignright\"><img loading=\"lazy\" decoding=\"async\" width=\"150\" height=\"150\" src=\"https:\/\/cechzdunskawola.pl\/wp-content\/uploads\/2023\/10\/pexels-thirdman-8926558-150x150.jpg\" class=\"attachment-thumbnail size-thumbnail wp-post-image\" alt=\"\" style=\"\" \/><\/div><a class=\"wp-block-latest-posts__post-title\" href=\"https:\/\/cechzdunskawola.pl\/?p=2463\">Konkurs \u201eWiedza o Rzemio\u015ble\u201d edycja 2023<\/a><time datetime=\"2023-10-13T09:42:59+02:00\" class=\"wp-block-latest-posts__post-date\">13 pa\u017adziernika 2023<\/time><div class=\"wp-block-latest-posts__post-excerpt\">Cech Rzemios\u0142 R\u00f3\u017cnych w Zdu\u0144skiej Woli og\u0142asza kolejn\u0105 edycj\u0119 konkursu WOR \u2013 \u201eWiedza o Rzemio\u015ble\u201d. Celem konkursu jest promocja wiedzy o zawodach rzemie\u015blniczych, rzemio\u015ble i mo\u017cliwo\u015bciach pracy w danym zawodzie, jak r\u00f3wnie\u017c zach\u0119cenie uczni\u00f3w do wyboru bran\u017cowej szko\u0142y zawodowej. Konkurs przebiega w dw\u00f3ch etapach: Terminy i miejsce: Do fina\u0142u konkursu kwalifikuje si\u0119 trzech uczestnik\u00f3w, kt\u00f3rzy [&hellip;]<\/div><\/li>\n<li><div class=\"wp-block-latest-posts__featured-image alignright\"><img loading=\"lazy\" decoding=\"async\" width=\"150\" height=\"150\" src=\"https:\/\/cechzdunskawola.pl\/wp-content\/uploads\/2022\/12\/20221215_090517-150x150.jpg\" class=\"attachment-thumbnail size-thumbnail wp-post-image\" alt=\"\" style=\"\" \/><\/div><a class=\"wp-block-latest-posts__post-title\" href=\"https:\/\/cechzdunskawola.pl\/?p=2354\">Konkurs &#8222;Wiedza o Rzemio\u015ble&#8221; &#8211; II etap<\/a><time datetime=\"2022-12-16T12:13:10+01:00\" class=\"wp-block-latest-posts__post-date\">16 grudnia 2022<\/time><div class=\"wp-block-latest-posts__post-excerpt\">W dniu 15 grudnia, w siedzibie Cechu Rzemios\u0142 R\u00f3\u017cnych w Zdu\u0144skiej Woli odby\u0142 si\u0119 II etap konkursu Wiedza o Rzemio\u015ble (przeznaczony dla trzech najlepszych uczni\u00f3w z pierwszego etapu). Celem konkursu jest promocja wiedzy o zawodach rzemie\u015blniczych, rzemio\u015ble i mo\u017cliwo\u015bciach pracy w danym zawodzie, jak r\u00f3wnie\u017c zach\u0119cenie uczni\u00f3w do wyboru bran\u017cowej szko\u0142y zawodowej. Dla laureat\u00f3w konkursu [&hellip;]<\/div><\/li>\n<li><div class=\"wp-block-latest-posts__featured-image alignright\"><img loading=\"lazy\" decoding=\"async\" width=\"150\" height=\"150\" src=\"https:\/\/cechzdunskawola.pl\/wp-content\/uploads\/2022\/12\/20221208_095813-150x150.jpg\" class=\"attachment-thumbnail size-thumbnail wp-post-image\" alt=\"\" style=\"\" \/><\/div><a class=\"wp-block-latest-posts__post-title\" href=\"https:\/\/cechzdunskawola.pl\/?p=2298\">Konkurs &#8222;Wiedza o Rzemio\u015ble&#8221; &#8211; I etap<\/a><time datetime=\"2022-12-10T11:40:00+01:00\" class=\"wp-block-latest-posts__post-date\">10 grudnia 2022<\/time><div class=\"wp-block-latest-posts__post-excerpt\">W dniach 5 \u2013 9 grudnia br. w trzech szko\u0142ach z okolic dzia\u0142ania naszego Cechu odby\u0142 si\u0119 1 etap konkursu Wiedza o Rzemio\u015ble. Celem konkursu jest promocja wiedzy o zawodach rzemie\u015blniczych, rzemio\u015ble i mo\u017cliwo\u015bciach pracy w danym zawodzie i zach\u0119cenie uczni\u00f3w do wyboru bran\u017cowej szko\u0142y zawodowej. Konkurs przeprowadzony zosta\u0142 za po\u015brednictwem dedykowanej platformy edukacyjnej umo\u017cliwiaj\u0105cej [&hellip;]<\/div><\/li>\n<\/ul>\n\n\n<p><\/p>\n","protected":false},"excerpt":{"rendered":"<p>CECH RZEMIOS\u0141 R\u00d3\u017bNYCH W ZDU\u0143SKIEJ WOLI WITA ! Witryna ta zosta\u0142a utworzona, aby przybli\u017cy\u0107 Pa\u0144stwu nasz\u0105 organizacj\u0119, histori\u0119 Cechu, jego struktur\u0119 a przede wszystkim chcieliby\u015bmy umo\u017cliwi\u0107 Pa\u0144stwu \u0142atwy dost\u0119p do informacji dotycz\u0105cych firm zrzeszonych u nas. Zamie\u015bcili\u015bmy tu pe\u0142ny, bogaty spis firm, b\u0119d\u0105cych cz\u0142onkami Cechu wraz z zakresem \u015bwiadczonych przez nie us\u0142ug. Nasza organizacja zajmuje [&hellip;]<\/p>\n","protected":false},"author":1,"featured_media":0,"parent":0,"menu_order":0,"comment_status":"closed","ping_status":"closed","template":"template-page-nosidebar.php","meta":{"pgc_sgb_lightbox_settings":"","footnotes":""},"_links":{"self":[{"href":"https:\/\/cechzdunskawola.pl\/index.php?rest_route=\/wp\/v2\/pages\/1077"}],"collection":[{"href":"https:\/\/cechzdunskawola.pl\/index.php?rest_route=\/wp\/v2\/pages"}],"about":[{"href":"https:\/\/cechzdunskawola.pl\/index.php?rest_route=\/wp\/v2\/types\/page"}],"author":[{"embeddable":true,"href":"https:\/\/cechzdunskawola.pl\/index.php?rest_route=\/wp\/v2\/users\/1"}],"replies":[{"embeddable":true,"href":"https:\/\/cechzdunskawola.pl\/index.php?rest_route=%2Fwp%2Fv2%2Fcomments&post=1077"}],"version-history":[{"count":21,"href":"https:\/\/cechzdunskawola.pl\/index.php?rest_route=\/wp\/v2\/pages\/1077\/revisions"}],"predecessor-version":[{"id":1321,"href":"https:\/\/cechzdunskawola.pl\/index.php?rest_route=\/wp\/v2\/pages\/1077\/revisions\/1321"}],"wp:attachment":[{"href":"https:\/\/cechzdunskawola.pl\/index.php?rest_route=%2Fwp%2Fv2%2Fmedia&parent=1077"}],"curies":[{"name":"wp","href":"https:\/\/api.w.org\/{rel}","templated":true}]}}